{"id":1059140,"date":"2025-09-14T18:33:30","date_gmt":"2025-09-14T18:33:30","guid":{"rendered":"https:\/\/eazyshop.ch\/shop\/little-dutch-angelspiel-fsc\/"},"modified":"2026-03-27T11:39:55","modified_gmt":"2026-03-27T11:39:55","slug":"little-dutch-angelspiel-fsc","status":"publish","type":"product","link":"https:\/\/eazyshop.ch\/en\/product\/little-dutch-angelspiel-fsc\/","title":{"rendered":"Little Dutch Angelspiel FSC"},"content":{"rendered":"<p>Fangen Sie die meisten Unterwassertiere mit diesem lustigen Rodspiel von Little Dutch? Achten Sie darauf, dass Sie den alten Schuh nicht auf Ihre Stange bekommen! Dieses klassische Angelspiel stimuliert die feinmotorische F\u00e4higkeiten und die Konzentration von Kindern. Dar\u00fcber hinaus kann das Spiellevel an das Alter der Spieler angepasst werden, so dass sowohl junge als auch \u00e4ltere Kinder es genie\u00dfen. Die Unterwassertiere bestehen aus Holz und das Aquarium besteht aus Karton.<\/p>","protected":false},"excerpt":{"rendered":"<p>Fangen Sie die meisten Unterwassertiere mit diesem lustigen Rodspiel von Little Dutch? Achten Sie darauf, dass Sie den alten Schuh<\/p>","protected":false},"featured_media":1076933,"comment_status":"open","ping_status":"closed","template":"","meta":[],"product_brand":[15418],"product_cat":[15430],"product_tag":[],"class_list":{"0":"post-1059140","1":"product","2":"type-product","3":"status-publish","4":"has-post-thumbnail","6":"product_brand-little-dutch","7":"product_cat-rollenspielzeug","9":"first","10":"instock","11":"taxable","12":"shipping-taxable","13":"purchasable","14":"product-type-simple"},"yoast_head":"<!-- This site is optimized with the Yoast SEO plugin v26.9 - https:\/\/yoast.com\/product\/yoast-seo-wordpress\/ -->\n<title>Little Dutch Angelspiel FSC - Eazyshop<\/title>\n<meta name=\"description\" content=\"Fangen Sie die meisten Unterwassertiere mit diesem lustigen Rodspiel von Little Dutch? Achten Sie darauf, dass Sie den alten Schuh nicht auf Ihre Stange\" \/>\n<meta name=\"robots\" content=\"index, follow, max-snippet:-1, max-image-preview:large, max-video-preview:-1\" \/>\n<link rel=\"canonical\" href=\"https:\/\/eazyshop.ch\/en\/product\/little-dutch-angelspiel-fsc\/\" \/>\n<meta property=\"og:locale\" content=\"en_GB\" \/>\n<meta property=\"og:type\" content=\"article\" \/>\n<meta property=\"og:title\" content=\"Little Dutch Angelspiel FSC - Eazyshop\" \/>\n<meta property=\"og:description\" content=\"Fangen Sie die meisten Unterwassertiere mit diesem lustigen Rodspiel von Little Dutch? Achten Sie darauf, dass Sie den alten Schuh nicht auf Ihre Stange\" \/>\n<meta property=\"og:url\" content=\"https:\/\/eazyshop.ch\/en\/product\/little-dutch-angelspiel-fsc\/\" \/>\n<meta property=\"og:site_name\" content=\"Eazyshop\" \/>\n<meta property=\"article:modified_time\" content=\"2026-03-27T11:39:55+00:00\" \/>\n<meta property=\"og:image\" content=\"https:\/\/eazyshop.ch\/wp-content\/uploads\/2026\/03\/0000501-1_M37ib-1.jpg\" \/>\n\t<meta property=\"og:image:width\" content=\"480\" \/>\n\t<meta property=\"og:image:height\" content=\"480\" \/>\n\t<meta property=\"og:image:type\" content=\"image\/jpeg\" \/>\n<meta name=\"twitter:card\" content=\"summary_large_image\" \/>\n<script type=\"application\/ld+json\" class=\"yoast-schema-graph\">{\"@context\":\"https:\/\/schema.org\",\"@graph\":[{\"@type\":\"WebPage\",\"@id\":\"https:\/\/eazyshop.ch\/produkt\/little-dutch-angelspiel-fsc\/\",\"url\":\"https:\/\/eazyshop.ch\/produkt\/little-dutch-angelspiel-fsc\/\",\"name\":\"Little Dutch Angelspiel FSC - Eazyshop\",\"isPartOf\":{\"@id\":\"https:\/\/eazyshop.ch\/#website\"},\"primaryImageOfPage\":{\"@id\":\"https:\/\/eazyshop.ch\/produkt\/little-dutch-angelspiel-fsc\/#primaryimage\"},\"image\":{\"@id\":\"https:\/\/eazyshop.ch\/produkt\/little-dutch-angelspiel-fsc\/#primaryimage\"},\"thumbnailUrl\":\"https:\/\/eazyshop.ch\/wp-content\/uploads\/2026\/03\/0000501-1_M37ib-1.jpg\",\"datePublished\":\"2025-09-14T18:33:30+00:00\",\"dateModified\":\"2026-03-27T11:39:55+00:00\",\"description\":\"Fangen Sie die meisten Unterwassertiere mit diesem lustigen Rodspiel von Little Dutch? Achten Sie darauf, dass Sie den alten Schuh nicht auf Ihre Stange\",\"breadcrumb\":{\"@id\":\"https:\/\/eazyshop.ch\/produkt\/little-dutch-angelspiel-fsc\/#breadcrumb\"},\"inLanguage\":\"en-GB\",\"potentialAction\":[{\"@type\":\"ReadAction\",\"target\":[\"https:\/\/eazyshop.ch\/produkt\/little-dutch-angelspiel-fsc\/\"]}]},{\"@type\":\"ImageObject\",\"inLanguage\":\"en-GB\",\"@id\":\"https:\/\/eazyshop.ch\/produkt\/little-dutch-angelspiel-fsc\/#primaryimage\",\"url\":\"https:\/\/eazyshop.ch\/wp-content\/uploads\/2026\/03\/0000501-1_M37ib-1.jpg\",\"contentUrl\":\"https:\/\/eazyshop.ch\/wp-content\/uploads\/2026\/03\/0000501-1_M37ib-1.jpg\",\"width\":480,\"height\":480,\"caption\":\"Little Dutch Angelspiel FSC\"},{\"@type\":\"BreadcrumbList\",\"@id\":\"https:\/\/eazyshop.ch\/produkt\/little-dutch-angelspiel-fsc\/#breadcrumb\",\"itemListElement\":[{\"@type\":\"ListItem\",\"position\":1,\"name\":\"Startseite\",\"item\":\"https:\/\/eazyshop.ch\/\"},{\"@type\":\"ListItem\",\"position\":2,\"name\":\"Shop\",\"item\":\"https:\/\/eazyshop.ch\/shop\/\"},{\"@type\":\"ListItem\",\"position\":3,\"name\":\"Little Dutch Angelspiel FSC\"}]},{\"@type\":\"WebSite\",\"@id\":\"https:\/\/eazyshop.ch\/#website\",\"url\":\"https:\/\/eazyshop.ch\/\",\"name\":\"Eazyshop\",\"description\":\"Where shopping feels easy\",\"publisher\":{\"@id\":\"https:\/\/eazyshop.ch\/#organization\"},\"potentialAction\":[{\"@type\":\"SearchAction\",\"target\":{\"@type\":\"EntryPoint\",\"urlTemplate\":\"https:\/\/eazyshop.ch\/?s={search_term_string}\"},\"query-input\":{\"@type\":\"PropertyValueSpecification\",\"valueRequired\":true,\"valueName\":\"search_term_string\"}}],\"inLanguage\":\"en-GB\"},{\"@type\":\"Organization\",\"@id\":\"https:\/\/eazyshop.ch\/#organization\",\"name\":\"Eazyshop\",\"url\":\"https:\/\/eazyshop.ch\/\",\"logo\":{\"@type\":\"ImageObject\",\"inLanguage\":\"en-GB\",\"@id\":\"https:\/\/eazyshop.ch\/#\/schema\/logo\/image\/\",\"url\":\"\",\"contentUrl\":\"\",\"caption\":\"Eazyshop\"},\"image\":{\"@id\":\"https:\/\/eazyshop.ch\/#\/schema\/logo\/image\/\"},\"sameAs\":[\"https:\/\/www.instagram.com\/eazyshop_ch\/\"]}]}<\/script>\n<!-- \/ Yoast SEO plugin. -->","yoast_head_json":{"title":"Little Dutch Angelspiel FSC - Eazyshop","description":"Fangen Sie die meisten Unterwassertiere mit diesem lustigen Rodspiel von Little Dutch? Achten Sie darauf, dass Sie den alten Schuh nicht auf Ihre Stange","robots":{"index":"index","follow":"follow","max-snippet":"max-snippet:-1","max-image-preview":"max-image-preview:large","max-video-preview":"max-video-preview:-1"},"canonical":"https:\/\/eazyshop.ch\/en\/product\/little-dutch-angelspiel-fsc\/","og_locale":"en_GB","og_type":"article","og_title":"Little Dutch Angelspiel FSC - Eazyshop","og_description":"Fangen Sie die meisten Unterwassertiere mit diesem lustigen Rodspiel von Little Dutch? Achten Sie darauf, dass Sie den alten Schuh nicht auf Ihre Stange","og_url":"https:\/\/eazyshop.ch\/en\/product\/little-dutch-angelspiel-fsc\/","og_site_name":"Eazyshop","article_modified_time":"2026-03-27T11:39:55+00:00","og_image":[{"width":480,"height":480,"url":"https:\/\/eazyshop.ch\/wp-content\/uploads\/2026\/03\/0000501-1_M37ib-1.jpg","type":"image\/jpeg"}],"twitter_card":"summary_large_image","schema":{"@context":"https:\/\/schema.org","@graph":[{"@type":"WebPage","@id":"https:\/\/eazyshop.ch\/produkt\/little-dutch-angelspiel-fsc\/","url":"https:\/\/eazyshop.ch\/produkt\/little-dutch-angelspiel-fsc\/","name":"Little Dutch Angelspiel FSC - Eazyshop","isPartOf":{"@id":"https:\/\/eazyshop.ch\/#website"},"primaryImageOfPage":{"@id":"https:\/\/eazyshop.ch\/produkt\/little-dutch-angelspiel-fsc\/#primaryimage"},"image":{"@id":"https:\/\/eazyshop.ch\/produkt\/little-dutch-angelspiel-fsc\/#primaryimage"},"thumbnailUrl":"https:\/\/eazyshop.ch\/wp-content\/uploads\/2026\/03\/0000501-1_M37ib-1.jpg","datePublished":"2025-09-14T18:33:30+00:00","dateModified":"2026-03-27T11:39:55+00:00","description":"Fangen Sie die meisten Unterwassertiere mit diesem lustigen Rodspiel von Little Dutch? Achten Sie darauf, dass Sie den alten Schuh nicht auf Ihre Stange","breadcrumb":{"@id":"https:\/\/eazyshop.ch\/produkt\/little-dutch-angelspiel-fsc\/#breadcrumb"},"inLanguage":"en-GB","potentialAction":[{"@type":"ReadAction","target":["https:\/\/eazyshop.ch\/produkt\/little-dutch-angelspiel-fsc\/"]}]},{"@type":"ImageObject","inLanguage":"en-GB","@id":"https:\/\/eazyshop.ch\/produkt\/little-dutch-angelspiel-fsc\/#primaryimage","url":"https:\/\/eazyshop.ch\/wp-content\/uploads\/2026\/03\/0000501-1_M37ib-1.jpg","contentUrl":"https:\/\/eazyshop.ch\/wp-content\/uploads\/2026\/03\/0000501-1_M37ib-1.jpg","width":480,"height":480,"caption":"Little Dutch Angelspiel FSC"},{"@type":"BreadcrumbList","@id":"https:\/\/eazyshop.ch\/produkt\/little-dutch-angelspiel-fsc\/#breadcrumb","itemListElement":[{"@type":"ListItem","position":1,"name":"Startseite","item":"https:\/\/eazyshop.ch\/"},{"@type":"ListItem","position":2,"name":"Shop","item":"https:\/\/eazyshop.ch\/shop\/"},{"@type":"ListItem","position":3,"name":"Little Dutch Angelspiel FSC"}]},{"@type":"WebSite","@id":"https:\/\/eazyshop.ch\/#website","url":"https:\/\/eazyshop.ch\/","name":"Eazyshop","description":"Where shopping feels easy","publisher":{"@id":"https:\/\/eazyshop.ch\/#organization"},"potentialAction":[{"@type":"SearchAction","target":{"@type":"EntryPoint","urlTemplate":"https:\/\/eazyshop.ch\/?s={search_term_string}"},"query-input":{"@type":"PropertyValueSpecification","valueRequired":true,"valueName":"search_term_string"}}],"inLanguage":"en-GB"},{"@type":"Organization","@id":"https:\/\/eazyshop.ch\/#organization","name":"Eazyshop","url":"https:\/\/eazyshop.ch\/","logo":{"@type":"ImageObject","inLanguage":"en-GB","@id":"https:\/\/eazyshop.ch\/#\/schema\/logo\/image\/","url":"","contentUrl":"","caption":"Eazyshop"},"image":{"@id":"https:\/\/eazyshop.ch\/#\/schema\/logo\/image\/"},"sameAs":["https:\/\/www.instagram.com\/eazyshop_ch\/"]}]}},"jetpack_sharing_enabled":true,"_links":{"self":[{"href":"https:\/\/eazyshop.ch\/en\/wp-json\/wp\/v2\/product\/1059140","targetHints":{"allow":["GET"]}}],"collection":[{"href":"https:\/\/eazyshop.ch\/en\/wp-json\/wp\/v2\/product"}],"about":[{"href":"https:\/\/eazyshop.ch\/en\/wp-json\/wp\/v2\/types\/product"}],"replies":[{"embeddable":true,"href":"https:\/\/eazyshop.ch\/en\/wp-json\/wp\/v2\/comments?post=1059140"}],"version-history":[{"count":0,"href":"https:\/\/eazyshop.ch\/en\/wp-json\/wp\/v2\/product\/1059140\/revisions"}],"wp:featuredmedia":[{"embeddable":true,"href":"https:\/\/eazyshop.ch\/en\/wp-json\/wp\/v2\/media\/1076933"}],"wp:attachment":[{"href":"https:\/\/eazyshop.ch\/en\/wp-json\/wp\/v2\/media?parent=1059140"}],"wp:term":[{"taxonomy":"product_brand","embeddable":true,"href":"https:\/\/eazyshop.ch\/en\/wp-json\/wp\/v2\/product_brand?post=1059140"},{"taxonomy":"product_cat","embeddable":true,"href":"https:\/\/eazyshop.ch\/en\/wp-json\/wp\/v2\/product_cat?post=1059140"},{"taxonomy":"product_tag","embeddable":true,"href":"https:\/\/eazyshop.ch\/en\/wp-json\/wp\/v2\/product_tag?post=1059140"}],"curies":[{"name":"wp","href":"https:\/\/api.w.org\/{rel}","templated":true}]}}