{"id":1059129,"date":"2025-09-14T18:32:49","date_gmt":"2025-09-14T18:32:49","guid":{"rendered":"https:\/\/eazyshop.ch\/shop\/einteiliger-anzuggreen-leaves-56-noos\/"},"modified":"2026-03-27T11:39:53","modified_gmt":"2026-03-27T11:39:53","slug":"einteiliger-anzuggreen-leaves-56-noos","status":"publish","type":"product","link":"https:\/\/eazyshop.ch\/en\/product\/einteiliger-anzuggreen-leaves-56-noos\/","title":{"rendered":"Einteiliger AnzugGreen Leaves &#8211; 56"},"content":{"rendered":"<p>Geniesse es, mich mit Stil zu lieben! Dieser s\u00fcsse Boxanzug in einer Sandmischung ist mit einem s\u00fcssen Druck aus kleinen gr\u00fcnen Bl\u00e4ttern dekoriert. F\u00fcr das einfache Wechseln und Anziehen und Ausziehen hat es eine \u00d6ffnung mit Schnappsch\u00fcssen am Kreuz und aus Holz-Look-Kn\u00f6pfen vorne. Hergestellt aus weicher Bio -Baumwolle, bietet es eine komfortable Passform f\u00fcr Ihren Kleinen. Kombinieren Sie es mit einem BodySuit f\u00fcr einen koordinierten Mix -and -Match -Aussehen von anderen Gegenst\u00e4nden aus der Little Farm Collection. Erh\u00e4ltlich in den Gr\u00f6ssen 56, 62, 68 und 74.<\/p>","protected":false},"excerpt":{"rendered":"<p>Geniesse es, mich mit Stil zu lieben! Dieser s\u00fcsse Boxanzug in einer Sandmischung ist mit einem s\u00fcssen Druck aus kleinen<\/p>","protected":false},"featured_media":1076913,"comment_status":"open","ping_status":"closed","template":"","meta":[],"product_brand":[15418],"product_cat":[15431],"product_tag":[],"class_list":{"0":"post-1059129","1":"product","2":"type-product","3":"status-publish","4":"has-post-thumbnail","6":"product_brand-little-dutch","7":"product_cat-strampler","9":"first","10":"instock","11":"taxable","12":"shipping-taxable","13":"purchasable","14":"product-type-simple"},"yoast_head":"<!-- This site is optimized with the Yoast SEO plugin v26.9 - https:\/\/yoast.com\/product\/yoast-seo-wordpress\/ -->\n<title>Einteiliger AnzugGreen Leaves - 56 - Eazyshop<\/title>\n<meta name=\"description\" content=\"Geniesse es, mich mit Stil zu lieben! Dieser s\u00fcsse Boxanzug in einer Sandmischung ist mit einem s\u00fcssen Druck aus kleinen gr\u00fcnen Bl\u00e4ttern dekoriert. F\u00fcr\" \/>\n<meta name=\"robots\" content=\"index, follow, max-snippet:-1, max-image-preview:large, max-video-preview:-1\" \/>\n<link rel=\"canonical\" href=\"https:\/\/eazyshop.ch\/en\/product\/einteiliger-anzuggreen-leaves-56-noos\/\" \/>\n<meta property=\"og:locale\" content=\"en_GB\" \/>\n<meta property=\"og:type\" content=\"article\" \/>\n<meta property=\"og:title\" content=\"Einteiliger AnzugGreen Leaves - 56 - Eazyshop\" \/>\n<meta property=\"og:description\" content=\"Geniesse es, mich mit Stil zu lieben! Dieser s\u00fcsse Boxanzug in einer Sandmischung ist mit einem s\u00fcssen Druck aus kleinen gr\u00fcnen Bl\u00e4ttern dekoriert. F\u00fcr\" \/>\n<meta property=\"og:url\" content=\"https:\/\/eazyshop.ch\/en\/product\/einteiliger-anzuggreen-leaves-56-noos\/\" \/>\n<meta property=\"og:site_name\" content=\"Eazyshop\" \/>\n<meta property=\"article:modified_time\" content=\"2026-03-27T11:39:53+00:00\" \/>\n<meta property=\"og:image\" content=\"https:\/\/eazyshop.ch\/wp-content\/uploads\/2026\/03\/0017126-1_ctHdy-1.jpg\" \/>\n\t<meta property=\"og:image:width\" content=\"480\" \/>\n\t<meta property=\"og:image:height\" content=\"480\" \/>\n\t<meta property=\"og:image:type\" content=\"image\/jpeg\" \/>\n<meta name=\"twitter:card\" content=\"summary_large_image\" \/>\n<script type=\"application\/ld+json\" class=\"yoast-schema-graph\">{\"@context\":\"https:\/\/schema.org\",\"@graph\":[{\"@type\":\"WebPage\",\"@id\":\"https:\/\/eazyshop.ch\/produkt\/einteiliger-anzuggreen-leaves-56-noos\/\",\"url\":\"https:\/\/eazyshop.ch\/produkt\/einteiliger-anzuggreen-leaves-56-noos\/\",\"name\":\"Einteiliger AnzugGreen Leaves - 56 - Eazyshop\",\"isPartOf\":{\"@id\":\"https:\/\/eazyshop.ch\/#website\"},\"primaryImageOfPage\":{\"@id\":\"https:\/\/eazyshop.ch\/produkt\/einteiliger-anzuggreen-leaves-56-noos\/#primaryimage\"},\"image\":{\"@id\":\"https:\/\/eazyshop.ch\/produkt\/einteiliger-anzuggreen-leaves-56-noos\/#primaryimage\"},\"thumbnailUrl\":\"https:\/\/eazyshop.ch\/wp-content\/uploads\/2026\/03\/0017126-1_ctHdy-1.jpg\",\"datePublished\":\"2025-09-14T18:32:49+00:00\",\"dateModified\":\"2026-03-27T11:39:53+00:00\",\"description\":\"Geniesse es, mich mit Stil zu lieben! Dieser s\u00fcsse Boxanzug in einer Sandmischung ist mit einem s\u00fcssen Druck aus kleinen gr\u00fcnen Bl\u00e4ttern dekoriert. F\u00fcr\",\"breadcrumb\":{\"@id\":\"https:\/\/eazyshop.ch\/produkt\/einteiliger-anzuggreen-leaves-56-noos\/#breadcrumb\"},\"inLanguage\":\"en-GB\",\"potentialAction\":[{\"@type\":\"ReadAction\",\"target\":[\"https:\/\/eazyshop.ch\/produkt\/einteiliger-anzuggreen-leaves-56-noos\/\"]}]},{\"@type\":\"ImageObject\",\"inLanguage\":\"en-GB\",\"@id\":\"https:\/\/eazyshop.ch\/produkt\/einteiliger-anzuggreen-leaves-56-noos\/#primaryimage\",\"url\":\"https:\/\/eazyshop.ch\/wp-content\/uploads\/2026\/03\/0017126-1_ctHdy-1.jpg\",\"contentUrl\":\"https:\/\/eazyshop.ch\/wp-content\/uploads\/2026\/03\/0017126-1_ctHdy-1.jpg\",\"width\":480,\"height\":480,\"caption\":\"Einteiliger AnzugGreen Leaves - 56 (NOOS)\"},{\"@type\":\"BreadcrumbList\",\"@id\":\"https:\/\/eazyshop.ch\/produkt\/einteiliger-anzuggreen-leaves-56-noos\/#breadcrumb\",\"itemListElement\":[{\"@type\":\"ListItem\",\"position\":1,\"name\":\"Startseite\",\"item\":\"https:\/\/eazyshop.ch\/\"},{\"@type\":\"ListItem\",\"position\":2,\"name\":\"Shop\",\"item\":\"https:\/\/eazyshop.ch\/shop\/\"},{\"@type\":\"ListItem\",\"position\":3,\"name\":\"Einteiliger AnzugGreen Leaves &#8211; 56\"}]},{\"@type\":\"WebSite\",\"@id\":\"https:\/\/eazyshop.ch\/#website\",\"url\":\"https:\/\/eazyshop.ch\/\",\"name\":\"Eazyshop\",\"description\":\"Where shopping feels easy\",\"publisher\":{\"@id\":\"https:\/\/eazyshop.ch\/#organization\"},\"potentialAction\":[{\"@type\":\"SearchAction\",\"target\":{\"@type\":\"EntryPoint\",\"urlTemplate\":\"https:\/\/eazyshop.ch\/?s={search_term_string}\"},\"query-input\":{\"@type\":\"PropertyValueSpecification\",\"valueRequired\":true,\"valueName\":\"search_term_string\"}}],\"inLanguage\":\"en-GB\"},{\"@type\":\"Organization\",\"@id\":\"https:\/\/eazyshop.ch\/#organization\",\"name\":\"Eazyshop\",\"url\":\"https:\/\/eazyshop.ch\/\",\"logo\":{\"@type\":\"ImageObject\",\"inLanguage\":\"en-GB\",\"@id\":\"https:\/\/eazyshop.ch\/#\/schema\/logo\/image\/\",\"url\":\"\",\"contentUrl\":\"\",\"caption\":\"Eazyshop\"},\"image\":{\"@id\":\"https:\/\/eazyshop.ch\/#\/schema\/logo\/image\/\"},\"sameAs\":[\"https:\/\/www.instagram.com\/eazyshop_ch\/\"]}]}<\/script>\n<!-- \/ Yoast SEO plugin. -->","yoast_head_json":{"title":"Einteiliger AnzugGreen Leaves - 56 - Eazyshop","description":"Geniesse es, mich mit Stil zu lieben! Dieser s\u00fcsse Boxanzug in einer Sandmischung ist mit einem s\u00fcssen Druck aus kleinen gr\u00fcnen Bl\u00e4ttern dekoriert. F\u00fcr","robots":{"index":"index","follow":"follow","max-snippet":"max-snippet:-1","max-image-preview":"max-image-preview:large","max-video-preview":"max-video-preview:-1"},"canonical":"https:\/\/eazyshop.ch\/en\/product\/einteiliger-anzuggreen-leaves-56-noos\/","og_locale":"en_GB","og_type":"article","og_title":"Einteiliger AnzugGreen Leaves - 56 - Eazyshop","og_description":"Geniesse es, mich mit Stil zu lieben! Dieser s\u00fcsse Boxanzug in einer Sandmischung ist mit einem s\u00fcssen Druck aus kleinen gr\u00fcnen Bl\u00e4ttern dekoriert. F\u00fcr","og_url":"https:\/\/eazyshop.ch\/en\/product\/einteiliger-anzuggreen-leaves-56-noos\/","og_site_name":"Eazyshop","article_modified_time":"2026-03-27T11:39:53+00:00","og_image":[{"width":480,"height":480,"url":"https:\/\/eazyshop.ch\/wp-content\/uploads\/2026\/03\/0017126-1_ctHdy-1.jpg","type":"image\/jpeg"}],"twitter_card":"summary_large_image","schema":{"@context":"https:\/\/schema.org","@graph":[{"@type":"WebPage","@id":"https:\/\/eazyshop.ch\/produkt\/einteiliger-anzuggreen-leaves-56-noos\/","url":"https:\/\/eazyshop.ch\/produkt\/einteiliger-anzuggreen-leaves-56-noos\/","name":"Einteiliger AnzugGreen Leaves - 56 - Eazyshop","isPartOf":{"@id":"https:\/\/eazyshop.ch\/#website"},"primaryImageOfPage":{"@id":"https:\/\/eazyshop.ch\/produkt\/einteiliger-anzuggreen-leaves-56-noos\/#primaryimage"},"image":{"@id":"https:\/\/eazyshop.ch\/produkt\/einteiliger-anzuggreen-leaves-56-noos\/#primaryimage"},"thumbnailUrl":"https:\/\/eazyshop.ch\/wp-content\/uploads\/2026\/03\/0017126-1_ctHdy-1.jpg","datePublished":"2025-09-14T18:32:49+00:00","dateModified":"2026-03-27T11:39:53+00:00","description":"Geniesse es, mich mit Stil zu lieben! Dieser s\u00fcsse Boxanzug in einer Sandmischung ist mit einem s\u00fcssen Druck aus kleinen gr\u00fcnen Bl\u00e4ttern dekoriert. F\u00fcr","breadcrumb":{"@id":"https:\/\/eazyshop.ch\/produkt\/einteiliger-anzuggreen-leaves-56-noos\/#breadcrumb"},"inLanguage":"en-GB","potentialAction":[{"@type":"ReadAction","target":["https:\/\/eazyshop.ch\/produkt\/einteiliger-anzuggreen-leaves-56-noos\/"]}]},{"@type":"ImageObject","inLanguage":"en-GB","@id":"https:\/\/eazyshop.ch\/produkt\/einteiliger-anzuggreen-leaves-56-noos\/#primaryimage","url":"https:\/\/eazyshop.ch\/wp-content\/uploads\/2026\/03\/0017126-1_ctHdy-1.jpg","contentUrl":"https:\/\/eazyshop.ch\/wp-content\/uploads\/2026\/03\/0017126-1_ctHdy-1.jpg","width":480,"height":480,"caption":"Einteiliger AnzugGreen Leaves - 56 (NOOS)"},{"@type":"BreadcrumbList","@id":"https:\/\/eazyshop.ch\/produkt\/einteiliger-anzuggreen-leaves-56-noos\/#breadcrumb","itemListElement":[{"@type":"ListItem","position":1,"name":"Startseite","item":"https:\/\/eazyshop.ch\/"},{"@type":"ListItem","position":2,"name":"Shop","item":"https:\/\/eazyshop.ch\/shop\/"},{"@type":"ListItem","position":3,"name":"Einteiliger AnzugGreen Leaves &#8211; 56"}]},{"@type":"WebSite","@id":"https:\/\/eazyshop.ch\/#website","url":"https:\/\/eazyshop.ch\/","name":"Eazyshop","description":"Where shopping feels easy","publisher":{"@id":"https:\/\/eazyshop.ch\/#organization"},"potentialAction":[{"@type":"SearchAction","target":{"@type":"EntryPoint","urlTemplate":"https:\/\/eazyshop.ch\/?s={search_term_string}"},"query-input":{"@type":"PropertyValueSpecification","valueRequired":true,"valueName":"search_term_string"}}],"inLanguage":"en-GB"},{"@type":"Organization","@id":"https:\/\/eazyshop.ch\/#organization","name":"Eazyshop","url":"https:\/\/eazyshop.ch\/","logo":{"@type":"ImageObject","inLanguage":"en-GB","@id":"https:\/\/eazyshop.ch\/#\/schema\/logo\/image\/","url":"","contentUrl":"","caption":"Eazyshop"},"image":{"@id":"https:\/\/eazyshop.ch\/#\/schema\/logo\/image\/"},"sameAs":["https:\/\/www.instagram.com\/eazyshop_ch\/"]}]}},"jetpack_sharing_enabled":true,"_links":{"self":[{"href":"https:\/\/eazyshop.ch\/en\/wp-json\/wp\/v2\/product\/1059129","targetHints":{"allow":["GET"]}}],"collection":[{"href":"https:\/\/eazyshop.ch\/en\/wp-json\/wp\/v2\/product"}],"about":[{"href":"https:\/\/eazyshop.ch\/en\/wp-json\/wp\/v2\/types\/product"}],"replies":[{"embeddable":true,"href":"https:\/\/eazyshop.ch\/en\/wp-json\/wp\/v2\/comments?post=1059129"}],"version-history":[{"count":0,"href":"https:\/\/eazyshop.ch\/en\/wp-json\/wp\/v2\/product\/1059129\/revisions"}],"wp:featuredmedia":[{"embeddable":true,"href":"https:\/\/eazyshop.ch\/en\/wp-json\/wp\/v2\/media\/1076913"}],"wp:attachment":[{"href":"https:\/\/eazyshop.ch\/en\/wp-json\/wp\/v2\/media?parent=1059129"}],"wp:term":[{"taxonomy":"product_brand","embeddable":true,"href":"https:\/\/eazyshop.ch\/en\/wp-json\/wp\/v2\/product_brand?post=1059129"},{"taxonomy":"product_cat","embeddable":true,"href":"https:\/\/eazyshop.ch\/en\/wp-json\/wp\/v2\/product_cat?post=1059129"},{"taxonomy":"product_tag","embeddable":true,"href":"https:\/\/eazyshop.ch\/en\/wp-json\/wp\/v2\/product_tag?post=1059129"}],"curies":[{"name":"wp","href":"https:\/\/api.w.org\/{rel}","templated":true}]}}