{"id":1059124,"date":"2025-09-14T18:32:45","date_gmt":"2025-09-14T18:32:45","guid":{"rendered":"https:\/\/eazyshop.ch\/shop\/little-dutch-mein-tier-puzzlebuch\/"},"modified":"2026-03-27T11:39:53","modified_gmt":"2026-03-27T11:39:53","slug":"little-dutch-mein-tier-puzzlebuch","status":"publish","type":"product","link":"https:\/\/eazyshop.ch\/en\/product\/little-dutch-mein-tier-puzzlebuch\/","title":{"rendered":"Little Dutch mein Tier Puzzlebuch"},"content":{"rendered":"<p>Dieses robuste Pappbuch ist Buch und R\u00e4tsel in einem! Siehst du, wo die verschiedenen Tiere mit ihren Jungen sind? Die Gans schwimmt im Wasser und die Bienen fliegen in der Luft. Wer versteckt sich unter dem Blatt? Das Buch enth\u00e4lt zwei zweiteilige Puzzles und zwei vierteilige Puzzles. Diese k\u00f6nnen sowohl auf dem Tisch als auch im Buch gemacht werden und haben einen fr\u00f6hlich bedruckten R\u00fcckumschlag. Liest und r\u00e4tselst du mit?<\/p>","protected":false},"excerpt":{"rendered":"<p>Dieses robuste Pappbuch ist Buch und R\u00e4tsel in einem! Siehst du, wo die verschiedenen Tiere mit ihren Jungen sind? Die<\/p>","protected":false},"featured_media":1076910,"comment_status":"open","ping_status":"closed","template":"","meta":[],"product_brand":[15418],"product_cat":[15348],"product_tag":[],"class_list":{"0":"post-1059124","1":"product","2":"type-product","3":"status-publish","4":"has-post-thumbnail","6":"product_brand-little-dutch","7":"product_cat-buecher","9":"first","10":"instock","11":"taxable","12":"shipping-taxable","13":"purchasable","14":"product-type-simple"},"yoast_head":"<!-- This site is optimized with the Yoast SEO plugin v26.9 - https:\/\/yoast.com\/product\/yoast-seo-wordpress\/ -->\n<title>Little Dutch mein Tier Puzzlebuch - Eazyshop<\/title>\n<meta name=\"description\" content=\"Dieses robuste Pappbuch ist Buch und R\u00e4tsel in einem! Siehst du, wo die verschiedenen Tiere mit ihren Jungen sind? Die Gans schwimmt im Wasser und die\" \/>\n<meta name=\"robots\" content=\"index, follow, max-snippet:-1, max-image-preview:large, max-video-preview:-1\" \/>\n<link rel=\"canonical\" href=\"https:\/\/eazyshop.ch\/en\/product\/little-dutch-mein-tier-puzzlebuch\/\" \/>\n<meta property=\"og:locale\" content=\"en_GB\" \/>\n<meta property=\"og:type\" content=\"article\" \/>\n<meta property=\"og:title\" content=\"Little Dutch mein Tier Puzzlebuch - Eazyshop\" \/>\n<meta property=\"og:description\" content=\"Dieses robuste Pappbuch ist Buch und R\u00e4tsel in einem! Siehst du, wo die verschiedenen Tiere mit ihren Jungen sind? Die Gans schwimmt im Wasser und die\" \/>\n<meta property=\"og:url\" content=\"https:\/\/eazyshop.ch\/en\/product\/little-dutch-mein-tier-puzzlebuch\/\" \/>\n<meta property=\"og:site_name\" content=\"Eazyshop\" \/>\n<meta property=\"article:modified_time\" content=\"2026-03-27T11:39:53+00:00\" \/>\n<meta property=\"og:image\" content=\"https:\/\/eazyshop.ch\/wp-content\/uploads\/2026\/03\/0007740_little-dutch-tier-puzzlebuch_550-1_khClV-1.png\" \/>\n\t<meta property=\"og:image:width\" content=\"546\" \/>\n\t<meta property=\"og:image:height\" content=\"550\" \/>\n\t<meta property=\"og:image:type\" content=\"image\/png\" \/>\n<meta name=\"twitter:card\" content=\"summary_large_image\" \/>\n<script type=\"application\/ld+json\" class=\"yoast-schema-graph\">{\"@context\":\"https:\/\/schema.org\",\"@graph\":[{\"@type\":\"WebPage\",\"@id\":\"https:\/\/eazyshop.ch\/produkt\/little-dutch-mein-tier-puzzlebuch\/\",\"url\":\"https:\/\/eazyshop.ch\/produkt\/little-dutch-mein-tier-puzzlebuch\/\",\"name\":\"Little Dutch mein Tier Puzzlebuch - Eazyshop\",\"isPartOf\":{\"@id\":\"https:\/\/eazyshop.ch\/#website\"},\"primaryImageOfPage\":{\"@id\":\"https:\/\/eazyshop.ch\/produkt\/little-dutch-mein-tier-puzzlebuch\/#primaryimage\"},\"image\":{\"@id\":\"https:\/\/eazyshop.ch\/produkt\/little-dutch-mein-tier-puzzlebuch\/#primaryimage\"},\"thumbnailUrl\":\"https:\/\/eazyshop.ch\/wp-content\/uploads\/2026\/03\/0007740_little-dutch-tier-puzzlebuch_550-1_khClV-1.png\",\"datePublished\":\"2025-09-14T18:32:45+00:00\",\"dateModified\":\"2026-03-27T11:39:53+00:00\",\"description\":\"Dieses robuste Pappbuch ist Buch und R\u00e4tsel in einem! Siehst du, wo die verschiedenen Tiere mit ihren Jungen sind? Die Gans schwimmt im Wasser und die\",\"breadcrumb\":{\"@id\":\"https:\/\/eazyshop.ch\/produkt\/little-dutch-mein-tier-puzzlebuch\/#breadcrumb\"},\"inLanguage\":\"en-GB\",\"potentialAction\":[{\"@type\":\"ReadAction\",\"target\":[\"https:\/\/eazyshop.ch\/produkt\/little-dutch-mein-tier-puzzlebuch\/\"]}]},{\"@type\":\"ImageObject\",\"inLanguage\":\"en-GB\",\"@id\":\"https:\/\/eazyshop.ch\/produkt\/little-dutch-mein-tier-puzzlebuch\/#primaryimage\",\"url\":\"https:\/\/eazyshop.ch\/wp-content\/uploads\/2026\/03\/0007740_little-dutch-tier-puzzlebuch_550-1_khClV-1.png\",\"contentUrl\":\"https:\/\/eazyshop.ch\/wp-content\/uploads\/2026\/03\/0007740_little-dutch-tier-puzzlebuch_550-1_khClV-1.png\",\"width\":546,\"height\":550,\"caption\":\"Little Dutch mein Tier Puzzlebuch\"},{\"@type\":\"BreadcrumbList\",\"@id\":\"https:\/\/eazyshop.ch\/produkt\/little-dutch-mein-tier-puzzlebuch\/#breadcrumb\",\"itemListElement\":[{\"@type\":\"ListItem\",\"position\":1,\"name\":\"Startseite\",\"item\":\"https:\/\/eazyshop.ch\/\"},{\"@type\":\"ListItem\",\"position\":2,\"name\":\"Shop\",\"item\":\"https:\/\/eazyshop.ch\/shop\/\"},{\"@type\":\"ListItem\",\"position\":3,\"name\":\"Little Dutch mein Tier Puzzlebuch\"}]},{\"@type\":\"WebSite\",\"@id\":\"https:\/\/eazyshop.ch\/#website\",\"url\":\"https:\/\/eazyshop.ch\/\",\"name\":\"Eazyshop\",\"description\":\"Where shopping feels easy\",\"publisher\":{\"@id\":\"https:\/\/eazyshop.ch\/#organization\"},\"potentialAction\":[{\"@type\":\"SearchAction\",\"target\":{\"@type\":\"EntryPoint\",\"urlTemplate\":\"https:\/\/eazyshop.ch\/?s={search_term_string}\"},\"query-input\":{\"@type\":\"PropertyValueSpecification\",\"valueRequired\":true,\"valueName\":\"search_term_string\"}}],\"inLanguage\":\"en-GB\"},{\"@type\":\"Organization\",\"@id\":\"https:\/\/eazyshop.ch\/#organization\",\"name\":\"Eazyshop\",\"url\":\"https:\/\/eazyshop.ch\/\",\"logo\":{\"@type\":\"ImageObject\",\"inLanguage\":\"en-GB\",\"@id\":\"https:\/\/eazyshop.ch\/#\/schema\/logo\/image\/\",\"url\":\"\",\"contentUrl\":\"\",\"caption\":\"Eazyshop\"},\"image\":{\"@id\":\"https:\/\/eazyshop.ch\/#\/schema\/logo\/image\/\"},\"sameAs\":[\"https:\/\/www.instagram.com\/eazyshop_ch\/\"]}]}<\/script>\n<!-- \/ Yoast SEO plugin. -->","yoast_head_json":{"title":"Little Dutch mein Tier Puzzlebuch - Eazyshop","description":"Dieses robuste Pappbuch ist Buch und R\u00e4tsel in einem! Siehst du, wo die verschiedenen Tiere mit ihren Jungen sind? Die Gans schwimmt im Wasser und die","robots":{"index":"index","follow":"follow","max-snippet":"max-snippet:-1","max-image-preview":"max-image-preview:large","max-video-preview":"max-video-preview:-1"},"canonical":"https:\/\/eazyshop.ch\/en\/product\/little-dutch-mein-tier-puzzlebuch\/","og_locale":"en_GB","og_type":"article","og_title":"Little Dutch mein Tier Puzzlebuch - Eazyshop","og_description":"Dieses robuste Pappbuch ist Buch und R\u00e4tsel in einem! Siehst du, wo die verschiedenen Tiere mit ihren Jungen sind? Die Gans schwimmt im Wasser und die","og_url":"https:\/\/eazyshop.ch\/en\/product\/little-dutch-mein-tier-puzzlebuch\/","og_site_name":"Eazyshop","article_modified_time":"2026-03-27T11:39:53+00:00","og_image":[{"width":546,"height":550,"url":"https:\/\/eazyshop.ch\/wp-content\/uploads\/2026\/03\/0007740_little-dutch-tier-puzzlebuch_550-1_khClV-1.png","type":"image\/png"}],"twitter_card":"summary_large_image","schema":{"@context":"https:\/\/schema.org","@graph":[{"@type":"WebPage","@id":"https:\/\/eazyshop.ch\/produkt\/little-dutch-mein-tier-puzzlebuch\/","url":"https:\/\/eazyshop.ch\/produkt\/little-dutch-mein-tier-puzzlebuch\/","name":"Little Dutch mein Tier Puzzlebuch - Eazyshop","isPartOf":{"@id":"https:\/\/eazyshop.ch\/#website"},"primaryImageOfPage":{"@id":"https:\/\/eazyshop.ch\/produkt\/little-dutch-mein-tier-puzzlebuch\/#primaryimage"},"image":{"@id":"https:\/\/eazyshop.ch\/produkt\/little-dutch-mein-tier-puzzlebuch\/#primaryimage"},"thumbnailUrl":"https:\/\/eazyshop.ch\/wp-content\/uploads\/2026\/03\/0007740_little-dutch-tier-puzzlebuch_550-1_khClV-1.png","datePublished":"2025-09-14T18:32:45+00:00","dateModified":"2026-03-27T11:39:53+00:00","description":"Dieses robuste Pappbuch ist Buch und R\u00e4tsel in einem! Siehst du, wo die verschiedenen Tiere mit ihren Jungen sind? Die Gans schwimmt im Wasser und die","breadcrumb":{"@id":"https:\/\/eazyshop.ch\/produkt\/little-dutch-mein-tier-puzzlebuch\/#breadcrumb"},"inLanguage":"en-GB","potentialAction":[{"@type":"ReadAction","target":["https:\/\/eazyshop.ch\/produkt\/little-dutch-mein-tier-puzzlebuch\/"]}]},{"@type":"ImageObject","inLanguage":"en-GB","@id":"https:\/\/eazyshop.ch\/produkt\/little-dutch-mein-tier-puzzlebuch\/#primaryimage","url":"https:\/\/eazyshop.ch\/wp-content\/uploads\/2026\/03\/0007740_little-dutch-tier-puzzlebuch_550-1_khClV-1.png","contentUrl":"https:\/\/eazyshop.ch\/wp-content\/uploads\/2026\/03\/0007740_little-dutch-tier-puzzlebuch_550-1_khClV-1.png","width":546,"height":550,"caption":"Little Dutch mein Tier Puzzlebuch"},{"@type":"BreadcrumbList","@id":"https:\/\/eazyshop.ch\/produkt\/little-dutch-mein-tier-puzzlebuch\/#breadcrumb","itemListElement":[{"@type":"ListItem","position":1,"name":"Startseite","item":"https:\/\/eazyshop.ch\/"},{"@type":"ListItem","position":2,"name":"Shop","item":"https:\/\/eazyshop.ch\/shop\/"},{"@type":"ListItem","position":3,"name":"Little Dutch mein Tier Puzzlebuch"}]},{"@type":"WebSite","@id":"https:\/\/eazyshop.ch\/#website","url":"https:\/\/eazyshop.ch\/","name":"Eazyshop","description":"Where shopping feels easy","publisher":{"@id":"https:\/\/eazyshop.ch\/#organization"},"potentialAction":[{"@type":"SearchAction","target":{"@type":"EntryPoint","urlTemplate":"https:\/\/eazyshop.ch\/?s={search_term_string}"},"query-input":{"@type":"PropertyValueSpecification","valueRequired":true,"valueName":"search_term_string"}}],"inLanguage":"en-GB"},{"@type":"Organization","@id":"https:\/\/eazyshop.ch\/#organization","name":"Eazyshop","url":"https:\/\/eazyshop.ch\/","logo":{"@type":"ImageObject","inLanguage":"en-GB","@id":"https:\/\/eazyshop.ch\/#\/schema\/logo\/image\/","url":"","contentUrl":"","caption":"Eazyshop"},"image":{"@id":"https:\/\/eazyshop.ch\/#\/schema\/logo\/image\/"},"sameAs":["https:\/\/www.instagram.com\/eazyshop_ch\/"]}]}},"jetpack_sharing_enabled":true,"_links":{"self":[{"href":"https:\/\/eazyshop.ch\/en\/wp-json\/wp\/v2\/product\/1059124","targetHints":{"allow":["GET"]}}],"collection":[{"href":"https:\/\/eazyshop.ch\/en\/wp-json\/wp\/v2\/product"}],"about":[{"href":"https:\/\/eazyshop.ch\/en\/wp-json\/wp\/v2\/types\/product"}],"replies":[{"embeddable":true,"href":"https:\/\/eazyshop.ch\/en\/wp-json\/wp\/v2\/comments?post=1059124"}],"version-history":[{"count":0,"href":"https:\/\/eazyshop.ch\/en\/wp-json\/wp\/v2\/product\/1059124\/revisions"}],"wp:featuredmedia":[{"embeddable":true,"href":"https:\/\/eazyshop.ch\/en\/wp-json\/wp\/v2\/media\/1076910"}],"wp:attachment":[{"href":"https:\/\/eazyshop.ch\/en\/wp-json\/wp\/v2\/media?parent=1059124"}],"wp:term":[{"taxonomy":"product_brand","embeddable":true,"href":"https:\/\/eazyshop.ch\/en\/wp-json\/wp\/v2\/product_brand?post=1059124"},{"taxonomy":"product_cat","embeddable":true,"href":"https:\/\/eazyshop.ch\/en\/wp-json\/wp\/v2\/product_cat?post=1059124"},{"taxonomy":"product_tag","embeddable":true,"href":"https:\/\/eazyshop.ch\/en\/wp-json\/wp\/v2\/product_tag?post=1059124"}],"curies":[{"name":"wp","href":"https:\/\/api.w.org\/{rel}","templated":true}]}}