{"id":1059122,"date":"2025-09-14T18:32:39","date_gmt":"2025-09-14T18:32:39","guid":{"rendered":"https:\/\/eazyshop.ch\/shop\/beisskette-aus-silikon-blau\/"},"modified":"2026-03-27T11:39:53","modified_gmt":"2026-03-27T11:39:53","slug":"beisskette-aus-silikon-blau","status":"publish","type":"product","link":"https:\/\/eazyshop.ch\/en\/product\/beisskette-aus-silikon-blau\/","title":{"rendered":"Little Dutch Beisskette aus Silikon blau"},"content":{"rendered":"<p>Wenn die ersten Z\u00e4hnchen durchbrechen, ist das ein Meilenstein f\u00fcr Ihr Baby, der jedoch nicht immer angenehm ist! Um die Schmerzen zu lindern, hat Little Dutch ein multifunktionales Bei\u00dfspielzeug in Form eines Schl\u00fcsselbundes entworfen. Es ist ein Spielzeug, bietet jedoch auch Trost und hilft beim Zahnen. Das Bei\u00dfspielzeug weist verschiedene Texturen auf, wodurch Ihr Baby ganz viel entdecken kann. Speziell so entworfen, dass es von den Babyh\u00e4ndchen gut festgehalten werden kann!<\/p>","protected":false},"excerpt":{"rendered":"<p>Wenn die ersten Z\u00e4hnchen durchbrechen, ist das ein Meilenstein f\u00fcr Ihr Baby, der jedoch nicht immer angenehm ist! Um die<\/p>","protected":false},"featured_media":1076906,"comment_status":"open","ping_status":"closed","template":"","meta":[],"product_brand":[15418],"product_cat":[15432],"product_tag":[],"class_list":{"0":"post-1059122","1":"product","2":"type-product","3":"status-publish","4":"has-post-thumbnail","6":"product_brand-little-dutch","7":"product_cat-beissring-beisskette","9":"first","10":"instock","11":"taxable","12":"shipping-taxable","13":"purchasable","14":"product-type-simple"},"yoast_head":"<!-- This site is optimized with the Yoast SEO plugin v26.9 - https:\/\/yoast.com\/product\/yoast-seo-wordpress\/ -->\n<title>Little Dutch Beisskette aus Silikon blau - Eazyshop<\/title>\n<meta name=\"description\" content=\"Wenn die ersten Z\u00e4hnchen durchbrechen, ist das ein Meilenstein f\u00fcr Ihr Baby, der jedoch nicht immer angenehm ist! Um die Schmerzen zu lindern, hat Little\" \/>\n<meta name=\"robots\" content=\"index, follow, max-snippet:-1, max-image-preview:large, max-video-preview:-1\" \/>\n<link rel=\"canonical\" href=\"https:\/\/eazyshop.ch\/en\/product\/beisskette-aus-silikon-blau\/\" \/>\n<meta property=\"og:locale\" content=\"en_GB\" \/>\n<meta property=\"og:type\" content=\"article\" \/>\n<meta property=\"og:title\" content=\"Little Dutch Beisskette aus Silikon blau - Eazyshop\" \/>\n<meta property=\"og:description\" content=\"Wenn die ersten Z\u00e4hnchen durchbrechen, ist das ein Meilenstein f\u00fcr Ihr Baby, der jedoch nicht immer angenehm ist! Um die Schmerzen zu lindern, hat Little\" \/>\n<meta property=\"og:url\" content=\"https:\/\/eazyshop.ch\/en\/product\/beisskette-aus-silikon-blau\/\" \/>\n<meta property=\"og:site_name\" content=\"Eazyshop\" \/>\n<meta property=\"article:modified_time\" content=\"2026-03-27T11:39:53+00:00\" \/>\n<meta property=\"og:image\" content=\"https:\/\/eazyshop.ch\/wp-content\/uploads\/2026\/03\/2006121_010-1_Xs9tE-1.jpg\" \/>\n\t<meta property=\"og:image:width\" content=\"400\" \/>\n\t<meta property=\"og:image:height\" content=\"400\" \/>\n\t<meta property=\"og:image:type\" content=\"image\/jpeg\" \/>\n<meta name=\"twitter:card\" content=\"summary_large_image\" \/>\n<script type=\"application\/ld+json\" class=\"yoast-schema-graph\">{\"@context\":\"https:\/\/schema.org\",\"@graph\":[{\"@type\":\"WebPage\",\"@id\":\"https:\/\/eazyshop.ch\/produkt\/beisskette-aus-silikon-blau\/\",\"url\":\"https:\/\/eazyshop.ch\/produkt\/beisskette-aus-silikon-blau\/\",\"name\":\"Little Dutch Beisskette aus Silikon blau - Eazyshop\",\"isPartOf\":{\"@id\":\"https:\/\/eazyshop.ch\/#website\"},\"primaryImageOfPage\":{\"@id\":\"https:\/\/eazyshop.ch\/produkt\/beisskette-aus-silikon-blau\/#primaryimage\"},\"image\":{\"@id\":\"https:\/\/eazyshop.ch\/produkt\/beisskette-aus-silikon-blau\/#primaryimage\"},\"thumbnailUrl\":\"https:\/\/eazyshop.ch\/wp-content\/uploads\/2026\/03\/2006121_010-1_Xs9tE-1.jpg\",\"datePublished\":\"2025-09-14T18:32:39+00:00\",\"dateModified\":\"2026-03-27T11:39:53+00:00\",\"description\":\"Wenn die ersten Z\u00e4hnchen durchbrechen, ist das ein Meilenstein f\u00fcr Ihr Baby, der jedoch nicht immer angenehm ist! Um die Schmerzen zu lindern, hat Little\",\"breadcrumb\":{\"@id\":\"https:\/\/eazyshop.ch\/produkt\/beisskette-aus-silikon-blau\/#breadcrumb\"},\"inLanguage\":\"en-GB\",\"potentialAction\":[{\"@type\":\"ReadAction\",\"target\":[\"https:\/\/eazyshop.ch\/produkt\/beisskette-aus-silikon-blau\/\"]}]},{\"@type\":\"ImageObject\",\"inLanguage\":\"en-GB\",\"@id\":\"https:\/\/eazyshop.ch\/produkt\/beisskette-aus-silikon-blau\/#primaryimage\",\"url\":\"https:\/\/eazyshop.ch\/wp-content\/uploads\/2026\/03\/2006121_010-1_Xs9tE-1.jpg\",\"contentUrl\":\"https:\/\/eazyshop.ch\/wp-content\/uploads\/2026\/03\/2006121_010-1_Xs9tE-1.jpg\",\"width\":400,\"height\":400,\"caption\":\"Beisskette aus Silikon blau\"},{\"@type\":\"BreadcrumbList\",\"@id\":\"https:\/\/eazyshop.ch\/produkt\/beisskette-aus-silikon-blau\/#breadcrumb\",\"itemListElement\":[{\"@type\":\"ListItem\",\"position\":1,\"name\":\"Startseite\",\"item\":\"https:\/\/eazyshop.ch\/\"},{\"@type\":\"ListItem\",\"position\":2,\"name\":\"Shop\",\"item\":\"https:\/\/eazyshop.ch\/shop\/\"},{\"@type\":\"ListItem\",\"position\":3,\"name\":\"Little Dutch Beisskette aus Silikon blau\"}]},{\"@type\":\"WebSite\",\"@id\":\"https:\/\/eazyshop.ch\/#website\",\"url\":\"https:\/\/eazyshop.ch\/\",\"name\":\"Eazyshop\",\"description\":\"Where shopping feels easy\",\"publisher\":{\"@id\":\"https:\/\/eazyshop.ch\/#organization\"},\"potentialAction\":[{\"@type\":\"SearchAction\",\"target\":{\"@type\":\"EntryPoint\",\"urlTemplate\":\"https:\/\/eazyshop.ch\/?s={search_term_string}\"},\"query-input\":{\"@type\":\"PropertyValueSpecification\",\"valueRequired\":true,\"valueName\":\"search_term_string\"}}],\"inLanguage\":\"en-GB\"},{\"@type\":\"Organization\",\"@id\":\"https:\/\/eazyshop.ch\/#organization\",\"name\":\"Eazyshop\",\"url\":\"https:\/\/eazyshop.ch\/\",\"logo\":{\"@type\":\"ImageObject\",\"inLanguage\":\"en-GB\",\"@id\":\"https:\/\/eazyshop.ch\/#\/schema\/logo\/image\/\",\"url\":\"\",\"contentUrl\":\"\",\"caption\":\"Eazyshop\"},\"image\":{\"@id\":\"https:\/\/eazyshop.ch\/#\/schema\/logo\/image\/\"},\"sameAs\":[\"https:\/\/www.instagram.com\/eazyshop_ch\/\"]}]}<\/script>\n<!-- \/ Yoast SEO plugin. -->","yoast_head_json":{"title":"Little Dutch Beisskette aus Silikon blau - Eazyshop","description":"Wenn die ersten Z\u00e4hnchen durchbrechen, ist das ein Meilenstein f\u00fcr Ihr Baby, der jedoch nicht immer angenehm ist! Um die Schmerzen zu lindern, hat Little","robots":{"index":"index","follow":"follow","max-snippet":"max-snippet:-1","max-image-preview":"max-image-preview:large","max-video-preview":"max-video-preview:-1"},"canonical":"https:\/\/eazyshop.ch\/en\/product\/beisskette-aus-silikon-blau\/","og_locale":"en_GB","og_type":"article","og_title":"Little Dutch Beisskette aus Silikon blau - Eazyshop","og_description":"Wenn die ersten Z\u00e4hnchen durchbrechen, ist das ein Meilenstein f\u00fcr Ihr Baby, der jedoch nicht immer angenehm ist! Um die Schmerzen zu lindern, hat Little","og_url":"https:\/\/eazyshop.ch\/en\/product\/beisskette-aus-silikon-blau\/","og_site_name":"Eazyshop","article_modified_time":"2026-03-27T11:39:53+00:00","og_image":[{"width":400,"height":400,"url":"https:\/\/eazyshop.ch\/wp-content\/uploads\/2026\/03\/2006121_010-1_Xs9tE-1.jpg","type":"image\/jpeg"}],"twitter_card":"summary_large_image","schema":{"@context":"https:\/\/schema.org","@graph":[{"@type":"WebPage","@id":"https:\/\/eazyshop.ch\/produkt\/beisskette-aus-silikon-blau\/","url":"https:\/\/eazyshop.ch\/produkt\/beisskette-aus-silikon-blau\/","name":"Little Dutch Beisskette aus Silikon blau - Eazyshop","isPartOf":{"@id":"https:\/\/eazyshop.ch\/#website"},"primaryImageOfPage":{"@id":"https:\/\/eazyshop.ch\/produkt\/beisskette-aus-silikon-blau\/#primaryimage"},"image":{"@id":"https:\/\/eazyshop.ch\/produkt\/beisskette-aus-silikon-blau\/#primaryimage"},"thumbnailUrl":"https:\/\/eazyshop.ch\/wp-content\/uploads\/2026\/03\/2006121_010-1_Xs9tE-1.jpg","datePublished":"2025-09-14T18:32:39+00:00","dateModified":"2026-03-27T11:39:53+00:00","description":"Wenn die ersten Z\u00e4hnchen durchbrechen, ist das ein Meilenstein f\u00fcr Ihr Baby, der jedoch nicht immer angenehm ist! Um die Schmerzen zu lindern, hat Little","breadcrumb":{"@id":"https:\/\/eazyshop.ch\/produkt\/beisskette-aus-silikon-blau\/#breadcrumb"},"inLanguage":"en-GB","potentialAction":[{"@type":"ReadAction","target":["https:\/\/eazyshop.ch\/produkt\/beisskette-aus-silikon-blau\/"]}]},{"@type":"ImageObject","inLanguage":"en-GB","@id":"https:\/\/eazyshop.ch\/produkt\/beisskette-aus-silikon-blau\/#primaryimage","url":"https:\/\/eazyshop.ch\/wp-content\/uploads\/2026\/03\/2006121_010-1_Xs9tE-1.jpg","contentUrl":"https:\/\/eazyshop.ch\/wp-content\/uploads\/2026\/03\/2006121_010-1_Xs9tE-1.jpg","width":400,"height":400,"caption":"Beisskette aus Silikon blau"},{"@type":"BreadcrumbList","@id":"https:\/\/eazyshop.ch\/produkt\/beisskette-aus-silikon-blau\/#breadcrumb","itemListElement":[{"@type":"ListItem","position":1,"name":"Startseite","item":"https:\/\/eazyshop.ch\/"},{"@type":"ListItem","position":2,"name":"Shop","item":"https:\/\/eazyshop.ch\/shop\/"},{"@type":"ListItem","position":3,"name":"Little Dutch Beisskette aus Silikon blau"}]},{"@type":"WebSite","@id":"https:\/\/eazyshop.ch\/#website","url":"https:\/\/eazyshop.ch\/","name":"Eazyshop","description":"Where shopping feels easy","publisher":{"@id":"https:\/\/eazyshop.ch\/#organization"},"potentialAction":[{"@type":"SearchAction","target":{"@type":"EntryPoint","urlTemplate":"https:\/\/eazyshop.ch\/?s={search_term_string}"},"query-input":{"@type":"PropertyValueSpecification","valueRequired":true,"valueName":"search_term_string"}}],"inLanguage":"en-GB"},{"@type":"Organization","@id":"https:\/\/eazyshop.ch\/#organization","name":"Eazyshop","url":"https:\/\/eazyshop.ch\/","logo":{"@type":"ImageObject","inLanguage":"en-GB","@id":"https:\/\/eazyshop.ch\/#\/schema\/logo\/image\/","url":"","contentUrl":"","caption":"Eazyshop"},"image":{"@id":"https:\/\/eazyshop.ch\/#\/schema\/logo\/image\/"},"sameAs":["https:\/\/www.instagram.com\/eazyshop_ch\/"]}]}},"jetpack_sharing_enabled":true,"_links":{"self":[{"href":"https:\/\/eazyshop.ch\/en\/wp-json\/wp\/v2\/product\/1059122","targetHints":{"allow":["GET"]}}],"collection":[{"href":"https:\/\/eazyshop.ch\/en\/wp-json\/wp\/v2\/product"}],"about":[{"href":"https:\/\/eazyshop.ch\/en\/wp-json\/wp\/v2\/types\/product"}],"replies":[{"embeddable":true,"href":"https:\/\/eazyshop.ch\/en\/wp-json\/wp\/v2\/comments?post=1059122"}],"version-history":[{"count":0,"href":"https:\/\/eazyshop.ch\/en\/wp-json\/wp\/v2\/product\/1059122\/revisions"}],"wp:featuredmedia":[{"embeddable":true,"href":"https:\/\/eazyshop.ch\/en\/wp-json\/wp\/v2\/media\/1076906"}],"wp:attachment":[{"href":"https:\/\/eazyshop.ch\/en\/wp-json\/wp\/v2\/media?parent=1059122"}],"wp:term":[{"taxonomy":"product_brand","embeddable":true,"href":"https:\/\/eazyshop.ch\/en\/wp-json\/wp\/v2\/product_brand?post=1059122"},{"taxonomy":"product_cat","embeddable":true,"href":"https:\/\/eazyshop.ch\/en\/wp-json\/wp\/v2\/product_cat?post=1059122"},{"taxonomy":"product_tag","embeddable":true,"href":"https:\/\/eazyshop.ch\/en\/wp-json\/wp\/v2\/product_tag?post=1059122"}],"curies":[{"name":"wp","href":"https:\/\/api.w.org\/{rel}","templated":true}]}}