{"id":1059121,"date":"2025-09-14T18:32:35","date_gmt":"2025-09-14T18:32:35","guid":{"rendered":"https:\/\/eazyshop.ch\/shop\/anziehbuch-forest-friends\/"},"modified":"2026-03-27T11:39:53","modified_gmt":"2026-03-27T11:39:53","slug":"anziehbuch-forest-friends","status":"publish","type":"product","link":"https:\/\/eazyshop.ch\/en\/product\/anziehbuch-forest-friends\/","title":{"rendered":"Little Dutch Anziehbuch Forest Friends"},"content":{"rendered":"<p>Was wirst du heute anziehen? Mit diesem Dressingbuch wird Ihr Kleine ein echter Modestylist. Lassen Sie Fantasy kostenlos laufen, wenn Ihr kleiner Kleid Jim und seine Freunde f\u00fcr ihre Abenteuer im Wald kleidet. Das Buch verf\u00fcgt \u00fcber 24 Seiten und 12 Aufkleberbl\u00e4tter mit den sch\u00f6nsten Kleidern und Accessoires. Egal, ob Ihr Kind m\u00f6chte, dass Jim ein harter F\u00f6rster wird, oder sein Freund ein abenteuerlicher Entdecker, er oder sie ist verantwortlich. Das Buch besteht aus robustem Karton und macht es zu einer idealen Aktivit\u00e4t f\u00fcr Zuhause und unterwegs!<\/p>","protected":false},"excerpt":{"rendered":"<p>Was wirst du heute anziehen? Mit diesem Dressingbuch wird Ihr Kleine ein echter Modestylist. Lassen Sie Fantasy kostenlos laufen, wenn<\/p>","protected":false},"featured_media":1076904,"comment_status":"open","ping_status":"closed","template":"","meta":[],"product_brand":[15418],"product_cat":[15348],"product_tag":[],"class_list":{"0":"post-1059121","1":"product","2":"type-product","3":"status-publish","4":"has-post-thumbnail","6":"product_brand-little-dutch","7":"product_cat-buecher","9":"first","10":"instock","11":"taxable","12":"shipping-taxable","13":"purchasable","14":"product-type-simple"},"yoast_head":"<!-- This site is optimized with the Yoast SEO plugin v26.9 - https:\/\/yoast.com\/product\/yoast-seo-wordpress\/ -->\n<title>Little Dutch Anziehbuch Forest Friends - Eazyshop<\/title>\n<meta name=\"description\" content=\"Was wirst du heute anziehen? Mit diesem Dressingbuch wird Ihr Kleine ein echter Modestylist. Lassen Sie Fantasy kostenlos laufen, wenn Ihr kleiner Kleid\" \/>\n<meta name=\"robots\" content=\"index, follow, max-snippet:-1, max-image-preview:large, max-video-preview:-1\" \/>\n<link rel=\"canonical\" href=\"https:\/\/eazyshop.ch\/en\/product\/anziehbuch-forest-friends\/\" \/>\n<meta property=\"og:locale\" content=\"en_GB\" \/>\n<meta property=\"og:type\" content=\"article\" \/>\n<meta property=\"og:title\" content=\"Little Dutch Anziehbuch Forest Friends - Eazyshop\" \/>\n<meta property=\"og:description\" content=\"Was wirst du heute anziehen? Mit diesem Dressingbuch wird Ihr Kleine ein echter Modestylist. Lassen Sie Fantasy kostenlos laufen, wenn Ihr kleiner Kleid\" \/>\n<meta property=\"og:url\" content=\"https:\/\/eazyshop.ch\/en\/product\/anziehbuch-forest-friends\/\" \/>\n<meta property=\"og:site_name\" content=\"Eazyshop\" \/>\n<meta property=\"article:modified_time\" content=\"2026-03-27T11:39:53+00:00\" \/>\n<meta property=\"og:image\" content=\"https:\/\/eazyshop.ch\/wp-content\/uploads\/2026\/03\/0023051-1_hYNNq-1.jpg\" \/>\n\t<meta property=\"og:image:width\" content=\"480\" \/>\n\t<meta property=\"og:image:height\" content=\"480\" \/>\n\t<meta property=\"og:image:type\" content=\"image\/jpeg\" \/>\n<meta name=\"twitter:card\" content=\"summary_large_image\" \/>\n<script type=\"application\/ld+json\" class=\"yoast-schema-graph\">{\"@context\":\"https:\/\/schema.org\",\"@graph\":[{\"@type\":\"WebPage\",\"@id\":\"https:\/\/eazyshop.ch\/produkt\/anziehbuch-forest-friends\/\",\"url\":\"https:\/\/eazyshop.ch\/produkt\/anziehbuch-forest-friends\/\",\"name\":\"Little Dutch Anziehbuch Forest Friends - Eazyshop\",\"isPartOf\":{\"@id\":\"https:\/\/eazyshop.ch\/#website\"},\"primaryImageOfPage\":{\"@id\":\"https:\/\/eazyshop.ch\/produkt\/anziehbuch-forest-friends\/#primaryimage\"},\"image\":{\"@id\":\"https:\/\/eazyshop.ch\/produkt\/anziehbuch-forest-friends\/#primaryimage\"},\"thumbnailUrl\":\"https:\/\/eazyshop.ch\/wp-content\/uploads\/2026\/03\/0023051-1_hYNNq-1.jpg\",\"datePublished\":\"2025-09-14T18:32:35+00:00\",\"dateModified\":\"2026-03-27T11:39:53+00:00\",\"description\":\"Was wirst du heute anziehen? Mit diesem Dressingbuch wird Ihr Kleine ein echter Modestylist. Lassen Sie Fantasy kostenlos laufen, wenn Ihr kleiner Kleid\",\"breadcrumb\":{\"@id\":\"https:\/\/eazyshop.ch\/produkt\/anziehbuch-forest-friends\/#breadcrumb\"},\"inLanguage\":\"en-GB\",\"potentialAction\":[{\"@type\":\"ReadAction\",\"target\":[\"https:\/\/eazyshop.ch\/produkt\/anziehbuch-forest-friends\/\"]}]},{\"@type\":\"ImageObject\",\"inLanguage\":\"en-GB\",\"@id\":\"https:\/\/eazyshop.ch\/produkt\/anziehbuch-forest-friends\/#primaryimage\",\"url\":\"https:\/\/eazyshop.ch\/wp-content\/uploads\/2026\/03\/0023051-1_hYNNq-1.jpg\",\"contentUrl\":\"https:\/\/eazyshop.ch\/wp-content\/uploads\/2026\/03\/0023051-1_hYNNq-1.jpg\",\"width\":480,\"height\":480,\"caption\":\"Anziehbuch Forest Friends\"},{\"@type\":\"BreadcrumbList\",\"@id\":\"https:\/\/eazyshop.ch\/produkt\/anziehbuch-forest-friends\/#breadcrumb\",\"itemListElement\":[{\"@type\":\"ListItem\",\"position\":1,\"name\":\"Startseite\",\"item\":\"https:\/\/eazyshop.ch\/\"},{\"@type\":\"ListItem\",\"position\":2,\"name\":\"Shop\",\"item\":\"https:\/\/eazyshop.ch\/shop\/\"},{\"@type\":\"ListItem\",\"position\":3,\"name\":\"Little Dutch Anziehbuch Forest Friends\"}]},{\"@type\":\"WebSite\",\"@id\":\"https:\/\/eazyshop.ch\/#website\",\"url\":\"https:\/\/eazyshop.ch\/\",\"name\":\"Eazyshop\",\"description\":\"Where shopping feels easy\",\"publisher\":{\"@id\":\"https:\/\/eazyshop.ch\/#organization\"},\"potentialAction\":[{\"@type\":\"SearchAction\",\"target\":{\"@type\":\"EntryPoint\",\"urlTemplate\":\"https:\/\/eazyshop.ch\/?s={search_term_string}\"},\"query-input\":{\"@type\":\"PropertyValueSpecification\",\"valueRequired\":true,\"valueName\":\"search_term_string\"}}],\"inLanguage\":\"en-GB\"},{\"@type\":\"Organization\",\"@id\":\"https:\/\/eazyshop.ch\/#organization\",\"name\":\"Eazyshop\",\"url\":\"https:\/\/eazyshop.ch\/\",\"logo\":{\"@type\":\"ImageObject\",\"inLanguage\":\"en-GB\",\"@id\":\"https:\/\/eazyshop.ch\/#\/schema\/logo\/image\/\",\"url\":\"\",\"contentUrl\":\"\",\"caption\":\"Eazyshop\"},\"image\":{\"@id\":\"https:\/\/eazyshop.ch\/#\/schema\/logo\/image\/\"},\"sameAs\":[\"https:\/\/www.instagram.com\/eazyshop_ch\/\"]}]}<\/script>\n<!-- \/ Yoast SEO plugin. -->","yoast_head_json":{"title":"Little Dutch Anziehbuch Forest Friends - Eazyshop","description":"Was wirst du heute anziehen? Mit diesem Dressingbuch wird Ihr Kleine ein echter Modestylist. Lassen Sie Fantasy kostenlos laufen, wenn Ihr kleiner Kleid","robots":{"index":"index","follow":"follow","max-snippet":"max-snippet:-1","max-image-preview":"max-image-preview:large","max-video-preview":"max-video-preview:-1"},"canonical":"https:\/\/eazyshop.ch\/en\/product\/anziehbuch-forest-friends\/","og_locale":"en_GB","og_type":"article","og_title":"Little Dutch Anziehbuch Forest Friends - Eazyshop","og_description":"Was wirst du heute anziehen? Mit diesem Dressingbuch wird Ihr Kleine ein echter Modestylist. Lassen Sie Fantasy kostenlos laufen, wenn Ihr kleiner Kleid","og_url":"https:\/\/eazyshop.ch\/en\/product\/anziehbuch-forest-friends\/","og_site_name":"Eazyshop","article_modified_time":"2026-03-27T11:39:53+00:00","og_image":[{"width":480,"height":480,"url":"https:\/\/eazyshop.ch\/wp-content\/uploads\/2026\/03\/0023051-1_hYNNq-1.jpg","type":"image\/jpeg"}],"twitter_card":"summary_large_image","schema":{"@context":"https:\/\/schema.org","@graph":[{"@type":"WebPage","@id":"https:\/\/eazyshop.ch\/produkt\/anziehbuch-forest-friends\/","url":"https:\/\/eazyshop.ch\/produkt\/anziehbuch-forest-friends\/","name":"Little Dutch Anziehbuch Forest Friends - Eazyshop","isPartOf":{"@id":"https:\/\/eazyshop.ch\/#website"},"primaryImageOfPage":{"@id":"https:\/\/eazyshop.ch\/produkt\/anziehbuch-forest-friends\/#primaryimage"},"image":{"@id":"https:\/\/eazyshop.ch\/produkt\/anziehbuch-forest-friends\/#primaryimage"},"thumbnailUrl":"https:\/\/eazyshop.ch\/wp-content\/uploads\/2026\/03\/0023051-1_hYNNq-1.jpg","datePublished":"2025-09-14T18:32:35+00:00","dateModified":"2026-03-27T11:39:53+00:00","description":"Was wirst du heute anziehen? Mit diesem Dressingbuch wird Ihr Kleine ein echter Modestylist. Lassen Sie Fantasy kostenlos laufen, wenn Ihr kleiner Kleid","breadcrumb":{"@id":"https:\/\/eazyshop.ch\/produkt\/anziehbuch-forest-friends\/#breadcrumb"},"inLanguage":"en-GB","potentialAction":[{"@type":"ReadAction","target":["https:\/\/eazyshop.ch\/produkt\/anziehbuch-forest-friends\/"]}]},{"@type":"ImageObject","inLanguage":"en-GB","@id":"https:\/\/eazyshop.ch\/produkt\/anziehbuch-forest-friends\/#primaryimage","url":"https:\/\/eazyshop.ch\/wp-content\/uploads\/2026\/03\/0023051-1_hYNNq-1.jpg","contentUrl":"https:\/\/eazyshop.ch\/wp-content\/uploads\/2026\/03\/0023051-1_hYNNq-1.jpg","width":480,"height":480,"caption":"Anziehbuch Forest Friends"},{"@type":"BreadcrumbList","@id":"https:\/\/eazyshop.ch\/produkt\/anziehbuch-forest-friends\/#breadcrumb","itemListElement":[{"@type":"ListItem","position":1,"name":"Startseite","item":"https:\/\/eazyshop.ch\/"},{"@type":"ListItem","position":2,"name":"Shop","item":"https:\/\/eazyshop.ch\/shop\/"},{"@type":"ListItem","position":3,"name":"Little Dutch Anziehbuch Forest Friends"}]},{"@type":"WebSite","@id":"https:\/\/eazyshop.ch\/#website","url":"https:\/\/eazyshop.ch\/","name":"Eazyshop","description":"Where shopping feels easy","publisher":{"@id":"https:\/\/eazyshop.ch\/#organization"},"potentialAction":[{"@type":"SearchAction","target":{"@type":"EntryPoint","urlTemplate":"https:\/\/eazyshop.ch\/?s={search_term_string}"},"query-input":{"@type":"PropertyValueSpecification","valueRequired":true,"valueName":"search_term_string"}}],"inLanguage":"en-GB"},{"@type":"Organization","@id":"https:\/\/eazyshop.ch\/#organization","name":"Eazyshop","url":"https:\/\/eazyshop.ch\/","logo":{"@type":"ImageObject","inLanguage":"en-GB","@id":"https:\/\/eazyshop.ch\/#\/schema\/logo\/image\/","url":"","contentUrl":"","caption":"Eazyshop"},"image":{"@id":"https:\/\/eazyshop.ch\/#\/schema\/logo\/image\/"},"sameAs":["https:\/\/www.instagram.com\/eazyshop_ch\/"]}]}},"jetpack_sharing_enabled":true,"_links":{"self":[{"href":"https:\/\/eazyshop.ch\/en\/wp-json\/wp\/v2\/product\/1059121","targetHints":{"allow":["GET"]}}],"collection":[{"href":"https:\/\/eazyshop.ch\/en\/wp-json\/wp\/v2\/product"}],"about":[{"href":"https:\/\/eazyshop.ch\/en\/wp-json\/wp\/v2\/types\/product"}],"replies":[{"embeddable":true,"href":"https:\/\/eazyshop.ch\/en\/wp-json\/wp\/v2\/comments?post=1059121"}],"version-history":[{"count":0,"href":"https:\/\/eazyshop.ch\/en\/wp-json\/wp\/v2\/product\/1059121\/revisions"}],"wp:featuredmedia":[{"embeddable":true,"href":"https:\/\/eazyshop.ch\/en\/wp-json\/wp\/v2\/media\/1076904"}],"wp:attachment":[{"href":"https:\/\/eazyshop.ch\/en\/wp-json\/wp\/v2\/media?parent=1059121"}],"wp:term":[{"taxonomy":"product_brand","embeddable":true,"href":"https:\/\/eazyshop.ch\/en\/wp-json\/wp\/v2\/product_brand?post=1059121"},{"taxonomy":"product_cat","embeddable":true,"href":"https:\/\/eazyshop.ch\/en\/wp-json\/wp\/v2\/product_cat?post=1059121"},{"taxonomy":"product_tag","embeddable":true,"href":"https:\/\/eazyshop.ch\/en\/wp-json\/wp\/v2\/product_tag?post=1059121"}],"curies":[{"name":"wp","href":"https:\/\/api.w.org\/{rel}","templated":true}]}}