{"id":1059120,"date":"2025-09-14T18:32:31","date_gmt":"2025-09-14T18:32:31","guid":{"rendered":"https:\/\/eazyshop.ch\/shop\/schreibset-fairy-garden\/"},"modified":"2026-03-27T11:39:53","modified_gmt":"2026-03-27T11:39:53","slug":"schreibset-fairy-garden","status":"publish","type":"product","link":"https:\/\/eazyshop.ch\/en\/product\/schreibset-fairy-garden\/","title":{"rendered":"Little Dutch Schreibset Fairy Garden"},"content":{"rendered":"<p>Dieses bezaubernde Kreativ-Set ist perfekt f\u00fcr kleine K\u00fcnstler und Geschichtenerz\u00e4hler! Es vereint ein liebevoll gestaltetes Schreibset mit Notizbuch, Bleistift, Lineal, Schablone, Radiergummi, Spitzer und einem Stickerbogen sowie ein Stempelset mit 16 selbstf\u00e4rbenden Stempeln niedlicher Motive aus der Fairy Garden Kollektion. Ob zum Malen, Schreiben oder kreative Szenen gestalten \u2013 dieses Set f\u00f6rdert Fantasie und Feinmotorik und ist ein tolles Geschenk f\u00fcr Kinder!<\/p>","protected":false},"excerpt":{"rendered":"<p>Dieses bezaubernde Kreativ-Set ist perfekt f\u00fcr kleine K\u00fcnstler und Geschichtenerz\u00e4hler! Es vereint ein liebevoll gestaltetes Schreibset mit Notizbuch, Bleistift, Lineal,<\/p>","protected":false},"featured_media":1076901,"comment_status":"open","ping_status":"closed","template":"","meta":[],"product_brand":[15418],"product_cat":[15427],"product_tag":[],"class_list":{"0":"post-1059120","1":"product","2":"type-product","3":"status-publish","4":"has-post-thumbnail","6":"product_brand-little-dutch","7":"product_cat-schreibset","9":"first","10":"instock","11":"taxable","12":"shipping-taxable","13":"purchasable","14":"product-type-simple"},"yoast_head":"<!-- This site is optimized with the Yoast SEO plugin v26.9 - https:\/\/yoast.com\/product\/yoast-seo-wordpress\/ -->\n<title>Little Dutch Schreibset Fairy Garden - Eazyshop<\/title>\n<meta name=\"description\" content=\"Dieses bezaubernde Kreativ-Set ist perfekt f\u00fcr kleine K\u00fcnstler und Geschichtenerz\u00e4hler! Es vereint ein liebevoll gestaltetes Schreibset mit Notizbuch,\" \/>\n<meta name=\"robots\" content=\"index, follow, max-snippet:-1, max-image-preview:large, max-video-preview:-1\" \/>\n<link rel=\"canonical\" href=\"https:\/\/eazyshop.ch\/en\/product\/schreibset-fairy-garden\/\" \/>\n<meta property=\"og:locale\" content=\"en_GB\" \/>\n<meta property=\"og:type\" content=\"article\" \/>\n<meta property=\"og:title\" content=\"Little Dutch Schreibset Fairy Garden - Eazyshop\" \/>\n<meta property=\"og:description\" content=\"Dieses bezaubernde Kreativ-Set ist perfekt f\u00fcr kleine K\u00fcnstler und Geschichtenerz\u00e4hler! Es vereint ein liebevoll gestaltetes Schreibset mit Notizbuch,\" \/>\n<meta property=\"og:url\" content=\"https:\/\/eazyshop.ch\/en\/product\/schreibset-fairy-garden\/\" \/>\n<meta property=\"og:site_name\" content=\"Eazyshop\" \/>\n<meta property=\"article:modified_time\" content=\"2026-03-27T11:39:53+00:00\" \/>\n<meta property=\"og:image\" content=\"https:\/\/eazyshop.ch\/wp-content\/uploads\/2026\/03\/Bild-4_GHWHc-1.jpeg\" \/>\n\t<meta property=\"og:image:width\" content=\"1140\" \/>\n\t<meta property=\"og:image:height\" content=\"832\" \/>\n\t<meta property=\"og:image:type\" content=\"image\/jpeg\" \/>\n<meta name=\"twitter:card\" content=\"summary_large_image\" \/>\n<meta name=\"twitter:label1\" content=\"Estimated reading time\" \/>\n\t<meta name=\"twitter:data1\" content=\"1 minute\" \/>\n<script type=\"application\/ld+json\" class=\"yoast-schema-graph\">{\"@context\":\"https:\/\/schema.org\",\"@graph\":[{\"@type\":\"WebPage\",\"@id\":\"https:\/\/eazyshop.ch\/produkt\/schreibset-fairy-garden\/\",\"url\":\"https:\/\/eazyshop.ch\/produkt\/schreibset-fairy-garden\/\",\"name\":\"Little Dutch Schreibset Fairy Garden - Eazyshop\",\"isPartOf\":{\"@id\":\"https:\/\/eazyshop.ch\/#website\"},\"primaryImageOfPage\":{\"@id\":\"https:\/\/eazyshop.ch\/produkt\/schreibset-fairy-garden\/#primaryimage\"},\"image\":{\"@id\":\"https:\/\/eazyshop.ch\/produkt\/schreibset-fairy-garden\/#primaryimage\"},\"thumbnailUrl\":\"https:\/\/eazyshop.ch\/wp-content\/uploads\/2026\/03\/Bild-4_GHWHc-1.jpeg\",\"datePublished\":\"2025-09-14T18:32:31+00:00\",\"dateModified\":\"2026-03-27T11:39:53+00:00\",\"description\":\"Dieses bezaubernde Kreativ-Set ist perfekt f\u00fcr kleine K\u00fcnstler und Geschichtenerz\u00e4hler! Es vereint ein liebevoll gestaltetes Schreibset mit Notizbuch,\",\"breadcrumb\":{\"@id\":\"https:\/\/eazyshop.ch\/produkt\/schreibset-fairy-garden\/#breadcrumb\"},\"inLanguage\":\"en-GB\",\"potentialAction\":[{\"@type\":\"ReadAction\",\"target\":[\"https:\/\/eazyshop.ch\/produkt\/schreibset-fairy-garden\/\"]}]},{\"@type\":\"ImageObject\",\"inLanguage\":\"en-GB\",\"@id\":\"https:\/\/eazyshop.ch\/produkt\/schreibset-fairy-garden\/#primaryimage\",\"url\":\"https:\/\/eazyshop.ch\/wp-content\/uploads\/2026\/03\/Bild-4_GHWHc-1.jpeg\",\"contentUrl\":\"https:\/\/eazyshop.ch\/wp-content\/uploads\/2026\/03\/Bild-4_GHWHc-1.jpeg\",\"width\":1140,\"height\":832,\"caption\":\"Schreibset Fairy Garden\"},{\"@type\":\"BreadcrumbList\",\"@id\":\"https:\/\/eazyshop.ch\/produkt\/schreibset-fairy-garden\/#breadcrumb\",\"itemListElement\":[{\"@type\":\"ListItem\",\"position\":1,\"name\":\"Startseite\",\"item\":\"https:\/\/eazyshop.ch\/\"},{\"@type\":\"ListItem\",\"position\":2,\"name\":\"Shop\",\"item\":\"https:\/\/eazyshop.ch\/shop\/\"},{\"@type\":\"ListItem\",\"position\":3,\"name\":\"Little Dutch Schreibset Fairy Garden\"}]},{\"@type\":\"WebSite\",\"@id\":\"https:\/\/eazyshop.ch\/#website\",\"url\":\"https:\/\/eazyshop.ch\/\",\"name\":\"Eazyshop\",\"description\":\"Where shopping feels easy\",\"publisher\":{\"@id\":\"https:\/\/eazyshop.ch\/#organization\"},\"potentialAction\":[{\"@type\":\"SearchAction\",\"target\":{\"@type\":\"EntryPoint\",\"urlTemplate\":\"https:\/\/eazyshop.ch\/?s={search_term_string}\"},\"query-input\":{\"@type\":\"PropertyValueSpecification\",\"valueRequired\":true,\"valueName\":\"search_term_string\"}}],\"inLanguage\":\"en-GB\"},{\"@type\":\"Organization\",\"@id\":\"https:\/\/eazyshop.ch\/#organization\",\"name\":\"Eazyshop\",\"url\":\"https:\/\/eazyshop.ch\/\",\"logo\":{\"@type\":\"ImageObject\",\"inLanguage\":\"en-GB\",\"@id\":\"https:\/\/eazyshop.ch\/#\/schema\/logo\/image\/\",\"url\":\"\",\"contentUrl\":\"\",\"caption\":\"Eazyshop\"},\"image\":{\"@id\":\"https:\/\/eazyshop.ch\/#\/schema\/logo\/image\/\"},\"sameAs\":[\"https:\/\/www.instagram.com\/eazyshop_ch\/\"]}]}<\/script>\n<!-- \/ Yoast SEO plugin. -->","yoast_head_json":{"title":"Little Dutch Schreibset Fairy Garden - Eazyshop","description":"Dieses bezaubernde Kreativ-Set ist perfekt f\u00fcr kleine K\u00fcnstler und Geschichtenerz\u00e4hler! Es vereint ein liebevoll gestaltetes Schreibset mit Notizbuch,","robots":{"index":"index","follow":"follow","max-snippet":"max-snippet:-1","max-image-preview":"max-image-preview:large","max-video-preview":"max-video-preview:-1"},"canonical":"https:\/\/eazyshop.ch\/en\/product\/schreibset-fairy-garden\/","og_locale":"en_GB","og_type":"article","og_title":"Little Dutch Schreibset Fairy Garden - Eazyshop","og_description":"Dieses bezaubernde Kreativ-Set ist perfekt f\u00fcr kleine K\u00fcnstler und Geschichtenerz\u00e4hler! Es vereint ein liebevoll gestaltetes Schreibset mit Notizbuch,","og_url":"https:\/\/eazyshop.ch\/en\/product\/schreibset-fairy-garden\/","og_site_name":"Eazyshop","article_modified_time":"2026-03-27T11:39:53+00:00","og_image":[{"width":1140,"height":832,"url":"https:\/\/eazyshop.ch\/wp-content\/uploads\/2026\/03\/Bild-4_GHWHc-1.jpeg","type":"image\/jpeg"}],"twitter_card":"summary_large_image","twitter_misc":{"Estimated reading time":"1 minute"},"schema":{"@context":"https:\/\/schema.org","@graph":[{"@type":"WebPage","@id":"https:\/\/eazyshop.ch\/produkt\/schreibset-fairy-garden\/","url":"https:\/\/eazyshop.ch\/produkt\/schreibset-fairy-garden\/","name":"Little Dutch Schreibset Fairy Garden - Eazyshop","isPartOf":{"@id":"https:\/\/eazyshop.ch\/#website"},"primaryImageOfPage":{"@id":"https:\/\/eazyshop.ch\/produkt\/schreibset-fairy-garden\/#primaryimage"},"image":{"@id":"https:\/\/eazyshop.ch\/produkt\/schreibset-fairy-garden\/#primaryimage"},"thumbnailUrl":"https:\/\/eazyshop.ch\/wp-content\/uploads\/2026\/03\/Bild-4_GHWHc-1.jpeg","datePublished":"2025-09-14T18:32:31+00:00","dateModified":"2026-03-27T11:39:53+00:00","description":"Dieses bezaubernde Kreativ-Set ist perfekt f\u00fcr kleine K\u00fcnstler und Geschichtenerz\u00e4hler! Es vereint ein liebevoll gestaltetes Schreibset mit Notizbuch,","breadcrumb":{"@id":"https:\/\/eazyshop.ch\/produkt\/schreibset-fairy-garden\/#breadcrumb"},"inLanguage":"en-GB","potentialAction":[{"@type":"ReadAction","target":["https:\/\/eazyshop.ch\/produkt\/schreibset-fairy-garden\/"]}]},{"@type":"ImageObject","inLanguage":"en-GB","@id":"https:\/\/eazyshop.ch\/produkt\/schreibset-fairy-garden\/#primaryimage","url":"https:\/\/eazyshop.ch\/wp-content\/uploads\/2026\/03\/Bild-4_GHWHc-1.jpeg","contentUrl":"https:\/\/eazyshop.ch\/wp-content\/uploads\/2026\/03\/Bild-4_GHWHc-1.jpeg","width":1140,"height":832,"caption":"Schreibset Fairy Garden"},{"@type":"BreadcrumbList","@id":"https:\/\/eazyshop.ch\/produkt\/schreibset-fairy-garden\/#breadcrumb","itemListElement":[{"@type":"ListItem","position":1,"name":"Startseite","item":"https:\/\/eazyshop.ch\/"},{"@type":"ListItem","position":2,"name":"Shop","item":"https:\/\/eazyshop.ch\/shop\/"},{"@type":"ListItem","position":3,"name":"Little Dutch Schreibset Fairy Garden"}]},{"@type":"WebSite","@id":"https:\/\/eazyshop.ch\/#website","url":"https:\/\/eazyshop.ch\/","name":"Eazyshop","description":"Where shopping feels easy","publisher":{"@id":"https:\/\/eazyshop.ch\/#organization"},"potentialAction":[{"@type":"SearchAction","target":{"@type":"EntryPoint","urlTemplate":"https:\/\/eazyshop.ch\/?s={search_term_string}"},"query-input":{"@type":"PropertyValueSpecification","valueRequired":true,"valueName":"search_term_string"}}],"inLanguage":"en-GB"},{"@type":"Organization","@id":"https:\/\/eazyshop.ch\/#organization","name":"Eazyshop","url":"https:\/\/eazyshop.ch\/","logo":{"@type":"ImageObject","inLanguage":"en-GB","@id":"https:\/\/eazyshop.ch\/#\/schema\/logo\/image\/","url":"","contentUrl":"","caption":"Eazyshop"},"image":{"@id":"https:\/\/eazyshop.ch\/#\/schema\/logo\/image\/"},"sameAs":["https:\/\/www.instagram.com\/eazyshop_ch\/"]}]}},"jetpack_sharing_enabled":true,"_links":{"self":[{"href":"https:\/\/eazyshop.ch\/en\/wp-json\/wp\/v2\/product\/1059120","targetHints":{"allow":["GET"]}}],"collection":[{"href":"https:\/\/eazyshop.ch\/en\/wp-json\/wp\/v2\/product"}],"about":[{"href":"https:\/\/eazyshop.ch\/en\/wp-json\/wp\/v2\/types\/product"}],"replies":[{"embeddable":true,"href":"https:\/\/eazyshop.ch\/en\/wp-json\/wp\/v2\/comments?post=1059120"}],"version-history":[{"count":0,"href":"https:\/\/eazyshop.ch\/en\/wp-json\/wp\/v2\/product\/1059120\/revisions"}],"wp:featuredmedia":[{"embeddable":true,"href":"https:\/\/eazyshop.ch\/en\/wp-json\/wp\/v2\/media\/1076901"}],"wp:attachment":[{"href":"https:\/\/eazyshop.ch\/en\/wp-json\/wp\/v2\/media?parent=1059120"}],"wp:term":[{"taxonomy":"product_brand","embeddable":true,"href":"https:\/\/eazyshop.ch\/en\/wp-json\/wp\/v2\/product_brand?post=1059120"},{"taxonomy":"product_cat","embeddable":true,"href":"https:\/\/eazyshop.ch\/en\/wp-json\/wp\/v2\/product_cat?post=1059120"},{"taxonomy":"product_tag","embeddable":true,"href":"https:\/\/eazyshop.ch\/en\/wp-json\/wp\/v2\/product_tag?post=1059120"}],"curies":[{"name":"wp","href":"https:\/\/api.w.org\/{rel}","templated":true}]}}