{"id":1307,"date":"2023-09-24T14:01:33","date_gmt":"2023-09-24T14:01:33","guid":{"rendered":"https:\/\/eazyshop.ch\/?page_id=1307"},"modified":"2024-08-01T18:54:35","modified_gmt":"2024-08-01T18:54:35","slug":"allgemeine-geschaeftsbedingungen","status":"publish","type":"page","link":"https:\/\/eazyshop.ch\/en\/allgemeine-geschaeftsbedingungen\/","title":{"rendered":"Allgemeine Gesch\u00e4ftsbedingungen"},"content":{"rendered":"<div data-elementor-type=\"wp-page\" data-elementor-id=\"1307\" class=\"elementor elementor-1307\" data-elementor-post-type=\"page\">\n\t\t\t\t<div class=\"wd-negative-gap elementor-element elementor-element-1bada93c e-flex e-con-boxed e-con e-parent\" data-id=\"1bada93c\" data-element_type=\"container\" data-e-type=\"container\">\n\t\t\t\t\t<div class=\"e-con-inner\">\n\t\t\t\t<div class=\"elementor-element elementor-element-6e045b0 elementor-widget elementor-widget-heading\" data-id=\"6e045b0\" data-element_type=\"widget\" data-e-type=\"widget\" data-widget_type=\"heading.default\">\n\t\t\t\t<div class=\"elementor-widget-container\">\n\t\t\t\t\t<h2 class=\"elementor-heading-title elementor-size-default\">Allgemeine Gesch\u00e4ftsbedingungen<\/h2>\t\t\t\t<\/div>\n\t\t\t\t<\/div>\n\t\t\t\t<div class=\"elementor-element elementor-element-593c118d color-scheme-inherit text-left elementor-widget elementor-widget-text-editor\" data-id=\"593c118d\" data-element_type=\"widget\" data-e-type=\"widget\" data-widget_type=\"text-editor.default\">\n\t\t\t\t<div class=\"elementor-widget-container\">\n\t\t\t\t\t\t\t\t\t<p><\/p>\n<h3 class=\"wp-block-heading\">1. Allgemeines<\/h3>\n<p><\/p>\n<p><\/p>\n<p style=\"padding-left: 40px;\">Mit dem Vertragsabschluss anerkennt der K\u00e4ufer die allgemeinen Gesch\u00e4ftsbedingungen. Der Kauf ist somit verbindlich. Dadurch entsteht ein rechtsg\u00fcltiger Kaufvertrag. Nach Eingang Ihrer Bestellung erhalten Sie von uns eine Auftragsbest\u00e4tigung per E-Mail. Von den angebotenen Produkten k\u00f6nnen Preise, Bilder und Angaben abweichen. Jede Haftung wird ausgeschlossen. \u00c4nderungen der allgemeinen Gesch\u00e4ftsbedingungen sind jederzeit durch den Verk\u00e4ufer vorbehalten. Fehler des Lagerbestandes vorbehalten. EazyCommerce KLG beh\u00e4lt sich das Recht vor, Bestellungen ohne Begr\u00fcndung zu annullieren. Die \u201cAllgemeinen Gesch\u00e4ftsbedingungen\u201d sind in der Originalsprache Deutsch geschrieben. Die \u00dcbersetzung in Englisch, Franz\u00f6sisch und Italienisch werden automatisch \u00fcbersetzt.<\/p>\n<p><\/p>\n<p><\/p>\n<h3 class=\"wp-block-heading\">2. Versand und Lieferung<\/h3>\n<p><\/p>\n<p><\/p>\n<h4 class=\"wp-block-heading\" style=\"padding-left: 40px;\">2.1 Geltungsbereich<\/h4>\n<p style=\"padding-left: 40px;\"><\/p>\n<p style=\"padding-left: 40px;\"><\/p>\n<p style=\"padding-left: 40px;\">Wir liefern ausschliesslich in die Schweiz und Liechtenstein. Die Waren werden aus unseren Aussenlager geliefert.<\/p>\n<p style=\"padding-left: 40px;\"><\/p>\n<p style=\"padding-left: 40px;\"><\/p>\n<h4 class=\"wp-block-heading\" style=\"padding-left: 40px;\">2.2 Versandkosten und Dienstleister<\/h4>\n<p style=\"padding-left: 40px;\"><\/p>\n<p style=\"padding-left: 40px;\"><\/p>\n<p style=\"padding-left: 40px;\">Die Lieferkosten und Versanddienstleister werden im Checkout (Kasse) berechnet und angezeigt. Ab 150.- CHF Warenkorbwert ist der Versand kostenlos.<\/p>\n<p style=\"padding-left: 40px;\"><\/p>\n<p style=\"padding-left: 40px;\"><\/p>\n<h4 class=\"wp-block-heading\" style=\"padding-left: 40px;\">2.3 Lieferbedingungen<\/h4>\n<p style=\"padding-left: 40px;\"><\/p>\n<p style=\"padding-left: 40px;\"><\/p>\n<p style=\"padding-left: 40px;\">Nutzen und Gefahr gehen vollumf\u00e4nglich auf den K\u00e4ufer \u00fcber. Schadenersatzanspr\u00fcche aus Lieferverzug ausgeschlossen. Wenn Lieferungen durch unsere Lieferanten verz\u00f6gert werden, kann sich das auf die Lieferzeit auswirken.<\/p>\n<p style=\"padding-left: 40px;\"><\/p>\n<p style=\"padding-left: 40px;\"><\/p>\n<p style=\"padding-left: 40px;\">Die Lieferzeit wird im Checkout (Kasse) angezeigt.<\/p>\n<p style=\"padding-left: 40px;\"><\/p>\n<p style=\"padding-left: 40px;\"><\/p>\n<h4 class=\"wp-block-heading\" style=\"padding-left: 40px;\">2.4 Verf\u00fcgbarkeit und Lieferzeiten<\/h4>\n<p style=\"padding-left: 40px;\"><\/p>\n<p style=\"padding-left: 40px;\"><\/p>\n<p style=\"padding-left: 40px;\">EazyCommerce KLG legt grossen Wert darauf, Verf\u00fcgbarkeiten und Lieferzeiten aktuell und genau anzugeben. Insbesondere aufgrund von Produktions- oder Lieferengp\u00e4ssen kann es jedoch zu Lieferverz\u00f6gerungen kommen. Alle Angaben zur Verf\u00fcgbarkeit und Lieferzeit sind deshalb ohne Gew\u00e4hr und k\u00f6nnen sich jederzeit \u00e4ndern.<\/p>\n<p style=\"padding-left: 40px;\"><\/p>\n<p style=\"padding-left: 40px;\"><\/p>\n<h4 class=\"wp-block-heading\" style=\"padding-left: 40px;\">2.5 Lieferm\u00e4ngel<\/h4>\n<p style=\"padding-left: 40px;\"><\/p>\n<p style=\"padding-left: 40px;\"><\/p>\n<p style=\"padding-left: 40px;\">Wir bitten Sie, die gelieferten Artikel sofort auf Richtigkeit, Vollst\u00e4ndigkeit und Unversehrtheit hin zu \u00fcberpr\u00fcfen. Beanstandungen wegen Lieferumfang, Sachm\u00e4ngeln, Falschlieferungen und Mengenabweichungen sind uns innert 3 Werktagen nach Empfang der Ware schriftlich mitzuteilen.&nbsp;Wird der Mangel von EazyCommerce KLG&nbsp;akzeptiert, erhalten Sie, falls vorr\u00e4tig, einen gleichen Ersatzartikel zugestellt. Andernfalls wird Ihnen der gesamte Betrag zur\u00fcckverg\u00fctet.<\/p>\n<p style=\"padding-left: 40px;\"><\/p>\n<p style=\"padding-left: 40px;\"><\/p>\n<p style=\"padding-left: 40px;\">R\u00fccksendungen werden nur in unge\u00f6ffneter Originalverpackung ohne Besch\u00e4digung akzeptiert. Die R\u00fccksendung ist ausreichend zu frankieren. Transportsch\u00e4den sind ausgeschlossen.<\/p>\n<p style=\"padding-left: 40px;\"><\/p>\n<p style=\"padding-left: 40px;\"><\/p>\n<h3 class=\"wp-block-heading\">3. R\u00fcckgabe und Umtausch<\/h3>\n<p><\/p>\n<p><\/p>\n<p style=\"padding-left: 40px;\">Wir bieten keine R\u00fcckgabe f\u00fcr m\u00e4ngelfreie Ware an.<\/p>\n<p style=\"padding-left: 40px;\">Nur in folgenden F\u00e4llen haben Sie die M\u00f6glichkeit das Produkt zu Retournieren oder zu Umtauschen.<\/p>\n<p style=\"padding-left: 40px;\"><\/p>\n<p style=\"padding-left: 40px;\"><\/p>\n<p><\/p>\n<p><\/p>\n<ul class=\"wp-block-list\">\n<li style=\"list-style-type: none;\">\n<ul><\/ul>\n<\/li>\n<\/ul>\n<ul>\n<li style=\"list-style-type: none;\">\n<ul>\n<li>Wenn das falsche Produkt angeliefert wurde.<\/li>\n<li><span style=\"text-align: var(--text-align);\">Wenn das Produkt besch\u00e4digt angeliefert wurde.<\/span><\/li>\n<\/ul>\n<\/li>\n<\/ul>\n<ul>\n<li style=\"list-style-type: none;\">\n<ul>\n<li>Fehlendes Zubeh\u00f6r<\/li>\n<\/ul>\n<\/li>\n<\/ul>\n<p><\/p>\n<p><\/p>\n<p><\/p>\n<h3 class=\"wp-block-heading\">4. Garantie<\/h3>\n<p><\/p>\n<p><\/p>\n<p style=\"padding-left: 40px;\">Die Garantie, f\u00fcr Produkte mit einer Herstellergarantie, gilt f\u00fcr 2 Jahre ab Bestelldatum. In einem Garantiefall m\u00fcssen Sie uns diesen schriftlich per Mail anmelden.<\/p>\n<p style=\"padding-left: 40px;\"><\/p>\n<p style=\"padding-left: 40px;\"><\/p>\n<p style=\"padding-left: 40px;\">Verschleissteile wie insbesondere Batterien, Akkus, Netzkabel, Adapter, Leuchtmittel sowie Softwareprobleme sind von der Garantie ausgenommen.<\/p>\n<p><\/p>\n<p><\/p>\n<h3 class=\"wp-block-heading\">5. Preise<\/h3>\n<p><\/p>\n<p><\/p>\n<p style=\"padding-left: 40px;\">Alle genannten Preise verstehen sich in inkl. alle Geb\u00fchren, Steuern und Verzollung.<\/p>\n<p><\/p>\n<p><\/p>\n<h3 class=\"wp-block-heading\">6. Zahlung<\/h3>\n<p><\/p>\n<p><\/p>\n<h4 class=\"wp-block-heading\" style=\"padding-left: 40px;\">6.1 Zahlungsm\u00f6glichkeiten<\/h4>\n<p><\/p>\n<p><\/p>\n<p style=\"padding-left: 40px;\">Bei uns haben sie die M\u00f6glichkeit zwischen folgenden Zahlungsmethoden zu w\u00e4hlen.&nbsp;<\/p>\n<p><\/p>\n<p><\/p>\n<ul class=\"wp-block-list\">\n<li style=\"list-style-type: none;\">\n<ul><\/ul>\n<\/li>\n<\/ul>\n<ul>\n<li style=\"list-style-type: none;\">\n<ul>\n<li>Debit- Kreditkarte<\/li>\n<li><span style=\"text-align: var(--text-align);\">Apple Pay \/ Google Pay<\/span><\/li>\n<li>TWINT<\/li>\n<li>PayPal<\/li>\n<\/ul>\n<\/li>\n<\/ul>\n<p><\/p>\n<p><\/p>\n<p><\/p>\n<h4 class=\"wp-block-heading\" style=\"padding-left: 40px;\">6.2 Debit- Kreditkarte<\/h4>\n<p style=\"padding-left: 40px;\"><\/p>\n<p style=\"padding-left: 40px;\"><\/p>\n<p style=\"padding-left: 40px;\">Sie k\u00f6nnen Ihre Bestellung per Debit- oder Kreditkarte (Visa, Mastercard, American Express) \u00fcber das sichere Zahlungssystem Stripe bezahlen. Bei uns werden keine Daten gespeichert. Allf\u00e4llige Geb\u00fchren der Karteninstitute werden Ihnen aufgerechnet.<\/p>\n<p style=\"padding-left: 40px;\"><\/p>\n<p style=\"padding-left: 40px;\"><\/p>\n<h4 class=\"wp-block-heading\" style=\"padding-left: 40px;\">6.3 Apple Pay \/ Google Pay<\/h4>\n<p style=\"padding-left: 40px;\"><\/p>\n<p style=\"padding-left: 40px;\"><\/p>\n<p style=\"padding-left: 40px;\">Sie k\u00f6nnen Ihre Bestellung einfach und schnell mit Apple Pay und Google Pay bezahlen. Die Abwicklung der Zahlung findet \u00fcber diesen Dienstleister statt.<\/p>\n<h4 style=\"padding-left: 40px;\">6.4 TWINT<\/h4>\n<p style=\"padding-left: 40px;\">Zahle bequem und sicher mit deinem Smartphone. TWINT ist die beliebteste Zahlungsmethode in der Schweiz.<\/p>\n<h4 style=\"padding-left: 40px;\">6.5 PayPal<\/h4>\n<p style=\"padding-left: 40px;\">Mit PayPal hast du die M\u00f6glichkeit sicher ohne Angaben von Kreditkarte zu bezahlen.<\/p>\n<p style=\"padding-left: 40px;\"><\/p>\n<p style=\"padding-left: 40px;\"><\/p>\n<h3 class=\"wp-block-heading\">7. Geschenkgutschein<\/h3>\n<p><\/p>\n<p><\/p>\n<p style=\"padding-left: 40px;\">Geschenkgutscheine sind Gutscheine, die Sie k\u00e4uflich erwerben k\u00f6nnen. Sie k\u00f6nnen Ihre Bestellung mit einem Gutschein von Eazyshop bezahlen. Dazu geben Sie den Code auf dem Gutschein in das entsprechende Feld der Bestellung ein. Ein Geschenkgutschein kann ausschliesslich vor dem Abschluss des Bestellvorganges und zum vollen Betrag eingel\u00f6st werden. Die H\u00f6he der Gutscheinbetr\u00e4ge ist vorgegeben. Die Gutscheine werden ausschliesslich in CHF ausgestellt und sind frei \u00fcbertragbar.&nbsp;Eine Barauszahlung ist ausgeschlossen.<\/p>\n<p style=\"padding-left: 40px;\"><\/p>\n<p style=\"padding-left: 40px;\"><\/p>\n<h3 class=\"wp-block-heading\">8. Anwendbares Recht und Gerichtsstand<\/h3>\n<p><\/p>\n<p><\/p>\n<p style=\"padding-left: 40px;\">Die Gesch\u00e4ftst\u00e4tigkeit der EazyCommerce KLG basiert ausschliesslich auf Schweizer Recht.<\/p>\n<p><\/p>\n<p><\/p>\n<p><\/p>\n<p><strong>Stand: Februar 2024<\/strong><\/p>\n<p><\/p>\t\t\t\t\t\t\t\t<\/div>\n\t\t\t\t<\/div>\n\t\t\t\t\t<\/div>\n\t\t\t\t<\/div>\n\t\t\t\t<\/div>","protected":false},"excerpt":{"rendered":"<p>Allgemeine Gesch\u00e4ftsbedingungen 1. Allgemeines Mit dem Vertragsabschluss anerkennt der K\u00e4ufer die allgemeinen Gesch\u00e4ftsbedingungen. Der Kauf ist somit verbindlich. Dadurch entsteht<\/p>","protected":false},"author":1,"featured_media":0,"parent":0,"menu_order":0,"comment_status":"closed","ping_status":"closed","template":"elementor_header_footer","meta":{"footnotes":""},"class_list":["post-1307","page","type-page","status-publish","hentry"],"yoast_head":"<!-- This site is optimized with the Yoast SEO plugin v26.9 - https:\/\/yoast.com\/product\/yoast-seo-wordpress\/ -->\n<title>Allgemeine Gesch\u00e4ftsbedingungen - Eazyshop<\/title>\n<meta name=\"robots\" content=\"index, follow, max-snippet:-1, max-image-preview:large, max-video-preview:-1\" \/>\n<link rel=\"canonical\" href=\"https:\/\/eazyshop.ch\/en\/allgemeine-geschaeftsbedingungen\/\" \/>\n<meta property=\"og:locale\" content=\"en_GB\" \/>\n<meta property=\"og:type\" content=\"article\" \/>\n<meta property=\"og:title\" content=\"Allgemeine Gesch\u00e4ftsbedingungen - Eazyshop\" \/>\n<meta property=\"og:description\" content=\"Allgemeine Gesch\u00e4ftsbedingungen 1. Allgemeines Mit dem Vertragsabschluss anerkennt der K\u00e4ufer die allgemeinen Gesch\u00e4ftsbedingungen. Der Kauf ist somit verbindlich. Dadurch entsteht\" \/>\n<meta property=\"og:url\" content=\"https:\/\/eazyshop.ch\/en\/allgemeine-geschaeftsbedingungen\/\" \/>\n<meta property=\"og:site_name\" content=\"Eazyshop\" \/>\n<meta property=\"article:modified_time\" content=\"2024-08-01T18:54:35+00:00\" \/>\n<meta name=\"twitter:card\" content=\"summary_large_image\" \/>\n<meta name=\"twitter:label1\" content=\"Estimated reading time\" \/>\n\t<meta name=\"twitter:data1\" content=\"4 minutes\" \/>\n<script type=\"application\/ld+json\" class=\"yoast-schema-graph\">{\"@context\":\"https:\/\/schema.org\",\"@graph\":[{\"@type\":\"WebPage\",\"@id\":\"https:\/\/eazyshop.ch\/allgemeine-geschaeftsbedingungen\/\",\"url\":\"https:\/\/eazyshop.ch\/allgemeine-geschaeftsbedingungen\/\",\"name\":\"Allgemeine Gesch\u00e4ftsbedingungen - Eazyshop\",\"isPartOf\":{\"@id\":\"https:\/\/eazyshop.ch\/#website\"},\"datePublished\":\"2023-09-24T14:01:33+00:00\",\"dateModified\":\"2024-08-01T18:54:35+00:00\",\"breadcrumb\":{\"@id\":\"https:\/\/eazyshop.ch\/allgemeine-geschaeftsbedingungen\/#breadcrumb\"},\"inLanguage\":\"en-GB\",\"potentialAction\":[{\"@type\":\"ReadAction\",\"target\":[\"https:\/\/eazyshop.ch\/allgemeine-geschaeftsbedingungen\/\"]}]},{\"@type\":\"BreadcrumbList\",\"@id\":\"https:\/\/eazyshop.ch\/allgemeine-geschaeftsbedingungen\/#breadcrumb\",\"itemListElement\":[{\"@type\":\"ListItem\",\"position\":1,\"name\":\"Startseite\",\"item\":\"https:\/\/eazyshop.ch\/\"},{\"@type\":\"ListItem\",\"position\":2,\"name\":\"Allgemeine Gesch\u00e4ftsbedingungen\"}]},{\"@type\":\"WebSite\",\"@id\":\"https:\/\/eazyshop.ch\/#website\",\"url\":\"https:\/\/eazyshop.ch\/\",\"name\":\"Eazyshop\",\"description\":\"Where shopping feels easy\",\"publisher\":{\"@id\":\"https:\/\/eazyshop.ch\/#organization\"},\"potentialAction\":[{\"@type\":\"SearchAction\",\"target\":{\"@type\":\"EntryPoint\",\"urlTemplate\":\"https:\/\/eazyshop.ch\/?s={search_term_string}\"},\"query-input\":{\"@type\":\"PropertyValueSpecification\",\"valueRequired\":true,\"valueName\":\"search_term_string\"}}],\"inLanguage\":\"en-GB\"},{\"@type\":\"Organization\",\"@id\":\"https:\/\/eazyshop.ch\/#organization\",\"name\":\"Eazyshop\",\"url\":\"https:\/\/eazyshop.ch\/\",\"logo\":{\"@type\":\"ImageObject\",\"inLanguage\":\"en-GB\",\"@id\":\"https:\/\/eazyshop.ch\/#\/schema\/logo\/image\/\",\"url\":\"\",\"contentUrl\":\"\",\"caption\":\"Eazyshop\"},\"image\":{\"@id\":\"https:\/\/eazyshop.ch\/#\/schema\/logo\/image\/\"},\"sameAs\":[\"https:\/\/www.instagram.com\/eazyshop_ch\/\"]}]}<\/script>\n<!-- \/ Yoast SEO plugin. -->","yoast_head_json":{"title":"Allgemeine Gesch\u00e4ftsbedingungen - Eazyshop","robots":{"index":"index","follow":"follow","max-snippet":"max-snippet:-1","max-image-preview":"max-image-preview:large","max-video-preview":"max-video-preview:-1"},"canonical":"https:\/\/eazyshop.ch\/en\/allgemeine-geschaeftsbedingungen\/","og_locale":"en_GB","og_type":"article","og_title":"Allgemeine Gesch\u00e4ftsbedingungen - Eazyshop","og_description":"Allgemeine Gesch\u00e4ftsbedingungen 1. Allgemeines Mit dem Vertragsabschluss anerkennt der K\u00e4ufer die allgemeinen Gesch\u00e4ftsbedingungen. Der Kauf ist somit verbindlich. Dadurch entsteht","og_url":"https:\/\/eazyshop.ch\/en\/allgemeine-geschaeftsbedingungen\/","og_site_name":"Eazyshop","article_modified_time":"2024-08-01T18:54:35+00:00","twitter_card":"summary_large_image","twitter_misc":{"Estimated reading time":"4 minutes"},"schema":{"@context":"https:\/\/schema.org","@graph":[{"@type":"WebPage","@id":"https:\/\/eazyshop.ch\/allgemeine-geschaeftsbedingungen\/","url":"https:\/\/eazyshop.ch\/allgemeine-geschaeftsbedingungen\/","name":"Allgemeine Gesch\u00e4ftsbedingungen - Eazyshop","isPartOf":{"@id":"https:\/\/eazyshop.ch\/#website"},"datePublished":"2023-09-24T14:01:33+00:00","dateModified":"2024-08-01T18:54:35+00:00","breadcrumb":{"@id":"https:\/\/eazyshop.ch\/allgemeine-geschaeftsbedingungen\/#breadcrumb"},"inLanguage":"en-GB","potentialAction":[{"@type":"ReadAction","target":["https:\/\/eazyshop.ch\/allgemeine-geschaeftsbedingungen\/"]}]},{"@type":"BreadcrumbList","@id":"https:\/\/eazyshop.ch\/allgemeine-geschaeftsbedingungen\/#breadcrumb","itemListElement":[{"@type":"ListItem","position":1,"name":"Startseite","item":"https:\/\/eazyshop.ch\/"},{"@type":"ListItem","position":2,"name":"Allgemeine Gesch\u00e4ftsbedingungen"}]},{"@type":"WebSite","@id":"https:\/\/eazyshop.ch\/#website","url":"https:\/\/eazyshop.ch\/","name":"Eazyshop","description":"Where shopping feels easy","publisher":{"@id":"https:\/\/eazyshop.ch\/#organization"},"potentialAction":[{"@type":"SearchAction","target":{"@type":"EntryPoint","urlTemplate":"https:\/\/eazyshop.ch\/?s={search_term_string}"},"query-input":{"@type":"PropertyValueSpecification","valueRequired":true,"valueName":"search_term_string"}}],"inLanguage":"en-GB"},{"@type":"Organization","@id":"https:\/\/eazyshop.ch\/#organization","name":"Eazyshop","url":"https:\/\/eazyshop.ch\/","logo":{"@type":"ImageObject","inLanguage":"en-GB","@id":"https:\/\/eazyshop.ch\/#\/schema\/logo\/image\/","url":"","contentUrl":"","caption":"Eazyshop"},"image":{"@id":"https:\/\/eazyshop.ch\/#\/schema\/logo\/image\/"},"sameAs":["https:\/\/www.instagram.com\/eazyshop_ch\/"]}]}},"jetpack_sharing_enabled":true,"_links":{"self":[{"href":"https:\/\/eazyshop.ch\/en\/wp-json\/wp\/v2\/pages\/1307","targetHints":{"allow":["GET"]}}],"collection":[{"href":"https:\/\/eazyshop.ch\/en\/wp-json\/wp\/v2\/pages"}],"about":[{"href":"https:\/\/eazyshop.ch\/en\/wp-json\/wp\/v2\/types\/page"}],"author":[{"embeddable":true,"href":"https:\/\/eazyshop.ch\/en\/wp-json\/wp\/v2\/users\/1"}],"replies":[{"embeddable":true,"href":"https:\/\/eazyshop.ch\/en\/wp-json\/wp\/v2\/comments?post=1307"}],"version-history":[{"count":0,"href":"https:\/\/eazyshop.ch\/en\/wp-json\/wp\/v2\/pages\/1307\/revisions"}],"wp:attachment":[{"href":"https:\/\/eazyshop.ch\/en\/wp-json\/wp\/v2\/media?parent=1307"}],"curies":[{"name":"wp","href":"https:\/\/api.w.org\/{rel}","templated":true}]}}