{"id":123742,"date":"2023-10-03T17:55:40","date_gmt":"2023-10-03T17:55:40","guid":{"rendered":"https:\/\/eazyshop.ch\/datenschutzerklaerung-2\/"},"modified":"2025-04-06T11:10:04","modified_gmt":"2025-04-06T11:10:04","slug":"datenschutzerklaerung","status":"publish","type":"page","link":"https:\/\/eazyshop.ch\/en\/datenschutzerklaerung\/","title":{"rendered":"Datenschutzerkl\u00e4rung"},"content":{"rendered":"<div data-elementor-type=\"wp-page\" data-elementor-id=\"123742\" class=\"elementor elementor-123742\" data-elementor-post-type=\"page\">\n\t\t\t\t<div class=\"wd-negative-gap elementor-element elementor-element-1db9caa e-flex e-con-boxed e-con e-parent\" data-id=\"1db9caa\" data-element_type=\"container\" data-e-type=\"container\">\n\t\t\t\t\t<div class=\"e-con-inner\">\n\t\t\t\t<div class=\"elementor-element elementor-element-96dff92 elementor-widget elementor-widget-heading\" data-id=\"96dff92\" data-element_type=\"widget\" data-e-type=\"widget\" data-widget_type=\"heading.default\">\n\t\t\t\t<div class=\"elementor-widget-container\">\n\t\t\t\t\t<h2 class=\"elementor-heading-title elementor-size-default\">Datenschutzerkl\u00e4rung<\/h2>\t\t\t\t<\/div>\n\t\t\t\t<\/div>\n\t\t\t\t\t<\/div>\n\t\t\t\t<\/div>\n\t\t<div class=\"wd-negative-gap elementor-element elementor-element-700257f e-flex e-con-boxed e-con e-parent\" data-id=\"700257f\" data-element_type=\"container\" data-e-type=\"container\">\n\t\t\t\t\t<div class=\"e-con-inner\">\n\t\t\t\t<div class=\"elementor-element elementor-element-2e97244 color-scheme-inherit text-left elementor-widget elementor-widget-text-editor\" data-id=\"2e97244\" data-element_type=\"widget\" data-e-type=\"widget\" data-widget_type=\"text-editor.default\">\n\t\t\t\t<div class=\"elementor-widget-container\">\n\t\t\t\t\t\t\t\t\t<p>Die folgende Datenschutzerkl\u00e4rung gilt in Erg\u00e4nzung zu den Allgemeinen Gesch\u00e4ftsbedingungen.<\/p><h2 id=\"h-wer-wir-sind\" class=\"wp-block-heading\">Wer wir sind<\/h2><p>Die Adresse unserer Website ist: https:\/\/eazysop.ch<\/p><h2 id=\"h-kommentare\" class=\"wp-block-heading\">Kommentare<\/h2><p>Wenn Besucher Kommentare auf der Website schreiben, sammeln wir die Daten, die im Kommentar-Formular angezeigt werden, ausserdem die IP-Adresse des Besuchers und den User-Agent-String (damit wird der Browser identifiziert), um die Erkennung von Spam zu unterst\u00fctzen.<\/p><p>Aus deiner E-Mail-Adresse kann eine anonymisierte Zeichenfolge erstellt (auch Hash genannt) und dem Gravatar-Dienst \u00fcbergeben werden, um zu pr\u00fcfen, ob du diesen benutzt. Die Datenschutzerkl\u00e4rung des Gravatar-Dienstes findest du hier: https:\/\/automattic.com\/privacy\/. Nachdem dein Kommentar freigegeben wurde, ist dein Profilbild \u00f6ffentlich im Kontext deines Kommentars sichtbar.<\/p><h2 id=\"h-cookies\" class=\"wp-block-heading\">Cookies<\/h2><p>Wenn du einen Kommentar auf unserer Website schreibst, kann das eine Einwilligung sein, deinen Namen, E-Mail-Adresse und Website in Cookies zu speichern. Dies ist eine Komfortfunktion, damit du nicht, wenn du einen weiteren Kommentar schreibst, all diese Daten erneut eingeben musst. Diese Cookies werden ein Jahr lang gespeichert.<\/p><p>Falls du ein Konto hast und dich auf dieser Website anmeldest, werden wir ein tempor\u00e4res Cookie setzen, um festzustellen, ob dein Browser Cookies akzeptiert. Dieses Cookie enth\u00e4lt keine personenbezogenen Daten und wird verworfen, wenn du deinen Browser schliesst.<\/p><p>Wenn du dich anmeldest, werden wir einige Cookies einrichten, um deine Anmeldeinformationen und Anzeigeoptionen zu speichern. Anmelde-Cookies verfallen nach zwei Tagen und Cookies f\u00fcr die Anzeigeoptionen nach einem Jahr. Falls du bei der Anmeldung \u201eAngemeldet bleiben\u201c ausw\u00e4hlst, wird deine Anmeldung zwei Wochen lang aufrechterhalten. Mit der Abmeldung aus deinem Konto werden die Anmelde-Cookies gel\u00f6scht.<\/p><h2 id=\"h-eingebettete-inhalte-von-anderen-websites\" class=\"wp-block-heading\">Eingebettete Inhalte von anderen Websites<\/h2><p>Beitr\u00e4ge auf dieser Website k\u00f6nnen eingebettete Inhalte beinhalten (z.\u00a0B. Videos, Bilder, Beitr\u00e4ge etc.). Eingebettete Inhalte von anderen Websites verhalten sich exakt so, als ob der Besucher die andere Website besucht h\u00e4tte.<\/p><p>Diese Websites k\u00f6nnen Daten \u00fcber dich sammeln, Cookies benutzen, zus\u00e4tzliche Tracking-Dienste von Dritten einbetten und deine Interaktion mit diesem eingebetteten Inhalt aufzeichnen, inklusive deiner Interaktion mit dem eingebetteten Inhalt, falls du ein Konto hast und auf dieser Website angemeldet bist.<\/p><h2 id=\"h-links-zu-externe-seiten\" class=\"wp-block-heading\">Links zu externe Seiten<\/h2><p>Verweise und Links auf Webseiten Dritter liegen ausserhalb des Verantwortungsbereich von Eazyshop. Es wird jegliche Verantwortung f\u00fcr extern verlinkte Webseiten abgelehnt. Der Zugriff und die Nutzung extern verlinkter Webseiten erfolgen auf eigene Gefahr des Nutzers oder der Nutzerin.<\/p><h2 id=\"h-wie-lange-wir-deine-daten-speichern\" class=\"wp-block-heading\">Wie lange wir deine Daten speichern<\/h2><p>Wenn du einen Kommentar schreibst, wird dieser inklusive Metadaten zeitlich unbegrenzt gespeichert. Auf diese Art k\u00f6nnen wir Folgekommentare automatisch erkennen und freigeben, anstatt sie in einer Moderations-Warteschlange festzuhalten.<\/p><p>F\u00fcr Benutzer, die sich auf unserer Website registrieren, speichern wir zus\u00e4tzlich die pers\u00f6nlichen Informationen, die sie in ihren Benutzerprofilen angeben. Alle Benutzer k\u00f6nnen jederzeit ihre pers\u00f6nlichen Informationen einsehen, ver\u00e4ndern oder l\u00f6schen (der Benutzername kann nicht ver\u00e4ndert werden). Administratoren der Website k\u00f6nnen diese Informationen ebenfalls einsehen und ver\u00e4ndern.<\/p><h2 id=\"h-welche-rechte-du-an-deinen-daten-hast\" class=\"wp-block-heading\">Welche Rechte du an deinen Daten hast<\/h2><p>Wenn du ein Konto auf dieser Website besitzt oder Kommentare geschrieben hast, kannst du einen Export deiner personenbezogenen Daten bei uns anfordern, inklusive aller Daten, die du uns mitgeteilt hast. Dar\u00fcber hinaus kannst du die L\u00f6schung aller personenbezogenen Daten, die wir von dir gespeichert haben, anfordern. Dies umfasst nicht die Daten, die wir aufgrund administrativer, rechtlicher oder sicherheitsrelevanter Notwendigkeiten aufbewahren m\u00fcssen.<\/p><h2 id=\"h-wohin-deine-daten-gesendet-werden\" class=\"wp-block-heading\">Wohin deine Daten gesendet werden<\/h2><p>Besucher-Kommentare k\u00f6nnten von einem automatisierten Dienst zur Spam-Erkennung untersucht werden.<\/p><h2 id=\"h-mailpoet-newsletter-und-e-mails\" class=\"wp-block-heading\">MailPoet-Newsletter und E-Mails<\/h2><p>Falls du unseren Newsletter abonniert hast oder ein Mitglied unserer Website bist (Du kannst dich anmelden) oder auf unserer Website eingekauft hast, besteht eine hohe Wahrscheinlichkeit, dass du E-Mails von uns erh\u00e4ltst.<\/p><p>Wir werden dir nur dann E-Mails senden, wenn du dazu eingewilligt hast oder die unsere Dienstleistungen betreffen, die wir dir angeboten haben.<\/p><p>Um dir E-Mails zu senden, benutzen wir den Namen und die E-Mail-Adresse, die du uns angegeben hast. Unsere Website zeichnet die IP-Adresse auf, die du bei der Anmeldung f\u00fcr die Dienstleistung benutzt hast, um Missbrauch zu verhindern.<\/p><p>Die Website kann E-Mails \u00fcber den\u00a0<a href=\"https:\/\/www.mailpoet.com\/privacy-notice\/\" target=\"_blank\" rel=\"noreferrer noopener\">MailPoet Sending Service<\/a>\u00a0versenden. Dieser Dienst erm\u00f6glicht es uns, \u00d6ffnungen und Klicks auf unsere E-Mails aufzuzeichnen. Wir benutzen diese Informationen, um die Inhalte unserer Newsletter zu verbessern.<\/p><p>Es werden ausser der E-Mail-Adresse keine identifizierbaren Informationen ausserhalb dieser Website aufgezeichnet.<\/p><p>Wir sammeln Informationen \u00fcber Dich w\u00e4hrend des Bestellvorgangs in unserem Shop.<\/p><h2 id=\"h-was-wir-sammeln-und-speichern\" class=\"wp-block-heading\">Was wir sammeln und speichern<\/h2><p>W\u00e4hrend du unsere Website besuchst, zeichnen wir auf:<\/p><ul class=\"wp-block-list\"><li>Angesehene Produkte: Hier zeigen wir dir Produkte, die du vor Kurzem angesehen hast.<\/li><li>Standort, IP-Adresse und Browser-Typ: Wir verwenden dies f\u00fcr Zwecke wie die Sch\u00e4tzung von Steuern und Versandkosten<\/li><li>Versandadresse: Wir werden dich auffordern, diese anzugeben, um beispielsweise die Versandkosten bestimmen zu k\u00f6nnen, bevor du eine Bestellung aufgibst, und dir die Bestellung zusenden zu k\u00f6nnen.<\/li><\/ul><p>Wir nutzen auch Cookies, um den Inhalt deines Warenkorbs zu verfolgen, w\u00e4hrend du unsere Website besuchst.<\/p><p>Wenn du bei uns einkaufst, werden wir dich auffordern, Informationen wie deinen Namen, deine Rechnungs- und Versandadresse, deine E-Mail-Adresse und deine Telefonnummer, Kreditkartendaten\/Zahlungsdetails sowie optionale Kontoinformationen wie Benutzername und Kennwort anzugeben. Wir nutzen diese Informationen f\u00fcr folgende Zwecke:<\/p><ul class=\"wp-block-list\"><li>Zusenden von Informationen \u00fcber dein Konto und Bestellung<\/li><li>Antwort auf deine Anfragen, inklusive Erstattungen und Beschwerden<\/li><li>Bearbeitung von Zahlungsvorg\u00e4ngen und Verhinderung von Betrug<\/li><li>Richten Sie Ihr Konto f\u00fcr unseren Shop ein<\/li><li>Einhaltung aller rechtlichen Verpflichtungen, beispielsweise die Steuerberechnung<\/li><li>Verbesserung unsere Shop-Angebote<\/li><li>Senden von Marketing-Nachrichten, wenn du diese erhalten m\u00f6chtest<\/li><\/ul><p>Wenn du ein Konto bei uns erstellst, speichern wir deinen Namen, deine Adresse, deine E-Mail-Adresse und deine Telefonnummer. Diese Angaben werden bei k\u00fcnftigen Bestellungen zum Ausf\u00fcllen der Bezahlinformationen verwendet.<\/p><p>Wir speichern Informationen \u00fcber dich \u00fcblicherweise so lange, wie wir sie f\u00fcr den Zweck der Erfassung und Nutzung ben\u00f6tigen und verpflichtet sind, sie zu speichern. Beispielsweise speichern wir Bestellinformationen f\u00fcr 10\u00a0Jahre aus Steuer- und Abrechnungsgr\u00fcnden. Dazu geh\u00f6rt dein Name, deine E-Mail-Adresse sowie deine Rechnungs- und Versandadresse.<\/p><p>Wir speichern auch Kommentare oder Bewertungen, wenn du dich dazu entscheidest diese zu hinterlassen.<\/p><h2 id=\"h-wer-aus-unserem-team-hat-zugang\" class=\"wp-block-heading\">Wer aus unserem Team hat Zugang<\/h2><p>Mitglieder unseres Teams haben Zugang zu den Informationen, die du uns zur Verf\u00fcgung stellst. Zum Beispiel k\u00f6nnen sowohl Administratoren als auch Shop-Manager auf Folgendes zugreifen:<\/p><ul class=\"wp-block-list\"><li>Bestellinformationen wie gekaufte Produkte, der Zeitpunkt des Kaufs sowie die Versandadresse und<\/li><li>Kundeninformationen wie dein Name, E-Mail-Adresse, sowie Rechnungs- und Versandinformationen.<\/li><\/ul><p>Unsere Teammitglieder haben Zugriff auf diese Informationen, um Bestellungen zu bearbeiten, R\u00fcckerstattungen vorzunehmen und Dich zu unterst\u00fctzen.<\/p><h2 id=\"h-was-wir-mit-anderen-teilen\" class=\"wp-block-heading\">Was wir mit anderen teilen<\/h2><p>Wir teilen Informationen mit Dritten, die uns helfen, Ihnen unsere Bestellungen und Dienstleistungen anzubieten. Beispielsweise: Schweizerische Post, Stripe, Twint, Partnerfirmen und Lieferanten. Es werden keine Daten verkauft oder f\u00fcr Marketingzwecke weitergegeben.<\/p><h3 id=\"h-zahlungen\" class=\"wp-block-heading\">Zahlungen<\/h3><p>Wir akzeptieren Zahlungen mit Stripe und Twint. Bei der Zahlungsabwicklung werden einige deiner Daten an Stripe oder Twint weitergegeben. Hierbei werden ausschliesslich erforderliche Informationen f\u00fcr die Verarbeitung oder Durchf\u00fchrung der Zahlung weitergegeben wie beispielsweise Gesamtkaufpreis und Zahlungsinformationen.<\/p>\t\t\t\t\t\t\t\t<\/div>\n\t\t\t\t<\/div>\n\t\t\t\t\t<\/div>\n\t\t\t\t<\/div>\n\t\t\t\t<\/div>","protected":false},"excerpt":{"rendered":"<p>Datenschutzerkl\u00e4rung Die folgende Datenschutzerkl\u00e4rung gilt in Erg\u00e4nzung zu den Allgemeinen Gesch\u00e4ftsbedingungen. Wer wir sind Die Adresse unserer Website ist: https:\/\/eazysop.ch<\/p>","protected":false},"author":1,"featured_media":0,"parent":0,"menu_order":0,"comment_status":"close","ping_status":"closed","template":"elementor_header_footer","meta":{"footnotes":""},"class_list":["post-123742","page","type-page","status-publish","hentry"],"yoast_head":"<!-- This site is optimized with the Yoast SEO plugin v26.9 - https:\/\/yoast.com\/product\/yoast-seo-wordpress\/ -->\n<title>Datenschutzerkl\u00e4rung - Eazyshop<\/title>\n<meta name=\"robots\" content=\"index, follow, max-snippet:-1, max-image-preview:large, max-video-preview:-1\" \/>\n<link rel=\"canonical\" href=\"https:\/\/eazyshop.ch\/en\/datenschutzerklaerung\/\" \/>\n<meta property=\"og:locale\" content=\"en_GB\" \/>\n<meta property=\"og:type\" content=\"article\" \/>\n<meta property=\"og:title\" content=\"Datenschutzerkl\u00e4rung - Eazyshop\" \/>\n<meta property=\"og:description\" content=\"Datenschutzerkl\u00e4rung Die folgende Datenschutzerkl\u00e4rung gilt in Erg\u00e4nzung zu den Allgemeinen Gesch\u00e4ftsbedingungen. Wer wir sind Die Adresse unserer Website ist: https:\/\/eazysop.ch\" \/>\n<meta property=\"og:url\" content=\"https:\/\/eazyshop.ch\/en\/datenschutzerklaerung\/\" \/>\n<meta property=\"og:site_name\" content=\"Eazyshop\" \/>\n<meta property=\"article:modified_time\" content=\"2025-04-06T11:10:04+00:00\" \/>\n<meta name=\"twitter:card\" content=\"summary_large_image\" \/>\n<meta name=\"twitter:label1\" content=\"Estimated reading time\" \/>\n\t<meta name=\"twitter:data1\" content=\"7 minutes\" \/>\n<script type=\"application\/ld+json\" class=\"yoast-schema-graph\">{\"@context\":\"https:\/\/schema.org\",\"@graph\":[{\"@type\":\"WebPage\",\"@id\":\"https:\/\/eazyshop.ch\/datenschutzerklaerung\/\",\"url\":\"https:\/\/eazyshop.ch\/datenschutzerklaerung\/\",\"name\":\"Datenschutzerkl\u00e4rung - Eazyshop\",\"isPartOf\":{\"@id\":\"https:\/\/eazyshop.ch\/#website\"},\"datePublished\":\"2023-10-03T17:55:40+00:00\",\"dateModified\":\"2025-04-06T11:10:04+00:00\",\"breadcrumb\":{\"@id\":\"https:\/\/eazyshop.ch\/datenschutzerklaerung\/#breadcrumb\"},\"inLanguage\":\"en-GB\",\"potentialAction\":[{\"@type\":\"ReadAction\",\"target\":[\"https:\/\/eazyshop.ch\/datenschutzerklaerung\/\"]}]},{\"@type\":\"BreadcrumbList\",\"@id\":\"https:\/\/eazyshop.ch\/datenschutzerklaerung\/#breadcrumb\",\"itemListElement\":[{\"@type\":\"ListItem\",\"position\":1,\"name\":\"Startseite\",\"item\":\"https:\/\/eazyshop.ch\/\"},{\"@type\":\"ListItem\",\"position\":2,\"name\":\"Datenschutzerkl\u00e4rung\"}]},{\"@type\":\"WebSite\",\"@id\":\"https:\/\/eazyshop.ch\/#website\",\"url\":\"https:\/\/eazyshop.ch\/\",\"name\":\"Eazyshop\",\"description\":\"Where shopping feels easy\",\"publisher\":{\"@id\":\"https:\/\/eazyshop.ch\/#organization\"},\"potentialAction\":[{\"@type\":\"SearchAction\",\"target\":{\"@type\":\"EntryPoint\",\"urlTemplate\":\"https:\/\/eazyshop.ch\/?s={search_term_string}\"},\"query-input\":{\"@type\":\"PropertyValueSpecification\",\"valueRequired\":true,\"valueName\":\"search_term_string\"}}],\"inLanguage\":\"en-GB\"},{\"@type\":\"Organization\",\"@id\":\"https:\/\/eazyshop.ch\/#organization\",\"name\":\"Eazyshop\",\"url\":\"https:\/\/eazyshop.ch\/\",\"logo\":{\"@type\":\"ImageObject\",\"inLanguage\":\"en-GB\",\"@id\":\"https:\/\/eazyshop.ch\/#\/schema\/logo\/image\/\",\"url\":\"\",\"contentUrl\":\"\",\"caption\":\"Eazyshop\"},\"image\":{\"@id\":\"https:\/\/eazyshop.ch\/#\/schema\/logo\/image\/\"},\"sameAs\":[\"https:\/\/www.instagram.com\/eazyshop_ch\/\"]}]}<\/script>\n<!-- \/ Yoast SEO plugin. -->","yoast_head_json":{"title":"Datenschutzerkl\u00e4rung - Eazyshop","robots":{"index":"index","follow":"follow","max-snippet":"max-snippet:-1","max-image-preview":"max-image-preview:large","max-video-preview":"max-video-preview:-1"},"canonical":"https:\/\/eazyshop.ch\/en\/datenschutzerklaerung\/","og_locale":"en_GB","og_type":"article","og_title":"Datenschutzerkl\u00e4rung - Eazyshop","og_description":"Datenschutzerkl\u00e4rung Die folgende Datenschutzerkl\u00e4rung gilt in Erg\u00e4nzung zu den Allgemeinen Gesch\u00e4ftsbedingungen. Wer wir sind Die Adresse unserer Website ist: https:\/\/eazysop.ch","og_url":"https:\/\/eazyshop.ch\/en\/datenschutzerklaerung\/","og_site_name":"Eazyshop","article_modified_time":"2025-04-06T11:10:04+00:00","twitter_card":"summary_large_image","twitter_misc":{"Estimated reading time":"7 minutes"},"schema":{"@context":"https:\/\/schema.org","@graph":[{"@type":"WebPage","@id":"https:\/\/eazyshop.ch\/datenschutzerklaerung\/","url":"https:\/\/eazyshop.ch\/datenschutzerklaerung\/","name":"Datenschutzerkl\u00e4rung - Eazyshop","isPartOf":{"@id":"https:\/\/eazyshop.ch\/#website"},"datePublished":"2023-10-03T17:55:40+00:00","dateModified":"2025-04-06T11:10:04+00:00","breadcrumb":{"@id":"https:\/\/eazyshop.ch\/datenschutzerklaerung\/#breadcrumb"},"inLanguage":"en-GB","potentialAction":[{"@type":"ReadAction","target":["https:\/\/eazyshop.ch\/datenschutzerklaerung\/"]}]},{"@type":"BreadcrumbList","@id":"https:\/\/eazyshop.ch\/datenschutzerklaerung\/#breadcrumb","itemListElement":[{"@type":"ListItem","position":1,"name":"Startseite","item":"https:\/\/eazyshop.ch\/"},{"@type":"ListItem","position":2,"name":"Datenschutzerkl\u00e4rung"}]},{"@type":"WebSite","@id":"https:\/\/eazyshop.ch\/#website","url":"https:\/\/eazyshop.ch\/","name":"Eazyshop","description":"Where shopping feels easy","publisher":{"@id":"https:\/\/eazyshop.ch\/#organization"},"potentialAction":[{"@type":"SearchAction","target":{"@type":"EntryPoint","urlTemplate":"https:\/\/eazyshop.ch\/?s={search_term_string}"},"query-input":{"@type":"PropertyValueSpecification","valueRequired":true,"valueName":"search_term_string"}}],"inLanguage":"en-GB"},{"@type":"Organization","@id":"https:\/\/eazyshop.ch\/#organization","name":"Eazyshop","url":"https:\/\/eazyshop.ch\/","logo":{"@type":"ImageObject","inLanguage":"en-GB","@id":"https:\/\/eazyshop.ch\/#\/schema\/logo\/image\/","url":"","contentUrl":"","caption":"Eazyshop"},"image":{"@id":"https:\/\/eazyshop.ch\/#\/schema\/logo\/image\/"},"sameAs":["https:\/\/www.instagram.com\/eazyshop_ch\/"]}]}},"jetpack_sharing_enabled":true,"_links":{"self":[{"href":"https:\/\/eazyshop.ch\/en\/wp-json\/wp\/v2\/pages\/123742","targetHints":{"allow":["GET"]}}],"collection":[{"href":"https:\/\/eazyshop.ch\/en\/wp-json\/wp\/v2\/pages"}],"about":[{"href":"https:\/\/eazyshop.ch\/en\/wp-json\/wp\/v2\/types\/page"}],"author":[{"embeddable":true,"href":"https:\/\/eazyshop.ch\/en\/wp-json\/wp\/v2\/users\/1"}],"replies":[{"embeddable":true,"href":"https:\/\/eazyshop.ch\/en\/wp-json\/wp\/v2\/comments?post=123742"}],"version-history":[{"count":0,"href":"https:\/\/eazyshop.ch\/en\/wp-json\/wp\/v2\/pages\/123742\/revisions"}],"wp:attachment":[{"href":"https:\/\/eazyshop.ch\/en\/wp-json\/wp\/v2\/media?parent=123742"}],"curies":[{"name":"wp","href":"https:\/\/api.w.org\/{rel}","templated":true}]}}